{"id":8825,"date":"2022-11-04T09:26:45","date_gmt":"2022-11-04T09:26:45","guid":{"rendered":"https:\/\/about.ismacontrolli.com\/?page_id=8825"},"modified":"2025-11-24T17:33:05","modified_gmt":"2025-11-24T16:33:05","slug":"kariera","status":"publish","type":"page","link":"https:\/\/about.ismacontrolli.com\/pl\/kariera\/","title":{"rendered":"Kariera"},"content":{"rendered":"\t\t<div data-elementor-type=\"wp-page\" data-elementor-id=\"8825\" class=\"elementor elementor-8825\" data-elementor-post-type=\"page\">\n\t\t\t\t\t\t<section class=\"elementor-section elementor-top-section elementor-element elementor-element-ed6ad45 elementor-section-boxed elementor-section-height-default elementor-section-height-default\" data-id=\"ed6ad45\" data-element_type=\"section\" data-e-type=\"section\">\n\t\t\t\t\t\t<div class=\"elementor-container elementor-column-gap-default\">\n\t\t\t\t\t<div class=\"elementor-column elementor-col-100 elementor-top-column elementor-element elementor-element-d57bd67\" data-id=\"d57bd67\" data-element_type=\"column\" data-e-type=\"column\">\n\t\t\t<div class=\"elementor-widget-wrap elementor-element-populated\">\n\t\t\t\t\t\t<div class=\"elementor-element elementor-element-dae3c7b elementor-widget elementor-widget-heading\" data-id=\"dae3c7b\" data-element_type=\"widget\" data-e-type=\"widget\" data-widget_type=\"heading.default\">\n\t\t\t\t<div class=\"elementor-widget-container\">\n\t\t\t\t\t<h1 class=\"elementor-heading-title elementor-size-large\">Postaw na rozw\u00f3j w iSMA CONTROLLI<\/h1>\t\t\t\t<\/div>\n\t\t\t\t<\/div>\n\t\t\t\t\t<\/div>\n\t\t<\/div>\n\t\t\t\t\t<\/div>\n\t\t<\/section>\n\t\t\t\t<section class=\"elementor-section elementor-top-section elementor-element elementor-element-703de77 elementor-section-boxed elementor-section-height-default elementor-section-height-default\" data-id=\"703de77\" data-element_type=\"section\" data-e-type=\"section\">\n\t\t\t\t\t\t<div class=\"elementor-container elementor-column-gap-default\">\n\t\t\t\t\t<div class=\"elementor-column elementor-col-100 elementor-top-column elementor-element elementor-element-7f5ced0\" data-id=\"7f5ced0\" data-element_type=\"column\" data-e-type=\"column\">\n\t\t\t<div class=\"elementor-widget-wrap elementor-element-populated\">\n\t\t\t\t\t\t<div class=\"elementor-element elementor-element-587af7a elementor-widget-divider--view-line elementor-widget elementor-widget-divider\" data-id=\"587af7a\" data-element_type=\"widget\" data-e-type=\"widget\" data-widget_type=\"divider.default\">\n\t\t\t\t<div class=\"elementor-widget-container\">\n\t\t\t\t\t\t\t<div class=\"elementor-divider\">\n\t\t\t<span class=\"elementor-divider-separator\">\n\t\t\t\t\t\t<\/span>\n\t\t<\/div>\n\t\t\t\t\t\t<\/div>\n\t\t\t\t<\/div>\n\t\t\t\t\t<\/div>\n\t\t<\/div>\n\t\t\t\t\t<\/div>\n\t\t<\/section>\n\t\t\t\t<section class=\"elementor-section elementor-top-section elementor-element elementor-element-be0309e elementor-section-boxed elementor-section-height-default elementor-section-height-default\" data-id=\"be0309e\" data-element_type=\"section\" data-e-type=\"section\">\n\t\t\t\t\t\t<div class=\"elementor-container elementor-column-gap-default\">\n\t\t\t\t\t<div class=\"elementor-column elementor-col-100 elementor-top-column elementor-element elementor-element-d54490b\" data-id=\"d54490b\" data-element_type=\"column\" data-e-type=\"column\">\n\t\t\t<div class=\"elementor-widget-wrap elementor-element-populated\">\n\t\t\t\t\t\t<div class=\"elementor-element elementor-element-8a1e4ce elementor-widget elementor-widget-text-editor\" data-id=\"8a1e4ce\" data-element_type=\"widget\" data-e-type=\"widget\" data-widget_type=\"text-editor.default\">\n\t\t\t\t<div class=\"elementor-widget-container\">\n\t\t\t\t\t\t\t\t\t<p><strong>Wsp\u00f3\u0142praca, do\u015bwiadczenie, zaanga\u017cowanie i szacunek to warto\u015bci kultury organizacyjnej, kt\u00f3r\u0105 kieruj\u0105 si\u0119 pracownicy iSMA CONTROLLI. Dzia\u0142amy w zespo\u0142ach, a efekty naszej pracy s\u0105 wynikiem wiedzy, innowacji, wymiany do\u015bwiadcze\u0144 i wzajemnego szacunku.<\/strong><\/p>\t\t\t\t\t\t\t\t<\/div>\n\t\t\t\t<\/div>\n\t\t\t\t\t<\/div>\n\t\t<\/div>\n\t\t\t\t\t<\/div>\n\t\t<\/section>\n\t\t\t\t<section class=\"elementor-section elementor-top-section elementor-element elementor-element-cc0ff5c elementor-reverse-mobile elementor-section-boxed elementor-section-height-default elementor-section-height-default\" data-id=\"cc0ff5c\" data-element_type=\"section\" data-e-type=\"section\">\n\t\t\t\t\t\t<div class=\"elementor-container elementor-column-gap-default\">\n\t\t\t\t\t<div class=\"elementor-column elementor-col-50 elementor-top-column elementor-element elementor-element-d8dd638\" data-id=\"d8dd638\" data-element_type=\"column\" data-e-type=\"column\">\n\t\t\t<div class=\"elementor-widget-wrap elementor-element-populated\">\n\t\t\t\t\t\t<div class=\"elementor-element elementor-element-2c6decb elementor-widget elementor-widget-heading\" data-id=\"2c6decb\" data-element_type=\"widget\" data-e-type=\"widget\" data-widget_type=\"heading.default\">\n\t\t\t\t<div class=\"elementor-widget-container\">\n\t\t\t\t\t<h2 class=\"elementor-heading-title elementor-size-medium\">Sta\u017ce i doskonalenie<\/h2>\t\t\t\t<\/div>\n\t\t\t\t<\/div>\n\t\t\t\t<div class=\"elementor-element elementor-element-5acff46 elementor-widget elementor-widget-text-editor\" data-id=\"5acff46\" data-element_type=\"widget\" data-e-type=\"widget\" data-widget_type=\"text-editor.default\">\n\t\t\t\t<div class=\"elementor-widget-container\">\n\t\t\t\t\t\t\t\t\t<p>Jeste\u015bmy otwarci na dzielenie si\u0119 wiedz\u0105 z absolwentami, studentami, kandydatami w pocz\u0105tkowej fazie zdobywania do\u015bwiadczenia zawodowego. Organizujemy sta\u017ce, wsp\u00f3\u0142pracujemy z uczelniami, fundacjami i organizacjami, zajmuj\u0105cymi si\u0119 kszta\u0142ceniem i szkoleniami zawodowymi.<\/p>\t\t\t\t\t\t\t\t<\/div>\n\t\t\t\t<\/div>\n\t\t\t\t<div class=\"elementor-element elementor-element-b42f144 elementor-widget elementor-widget-heading\" data-id=\"b42f144\" data-element_type=\"widget\" data-e-type=\"widget\" data-widget_type=\"heading.default\">\n\t\t\t\t<div class=\"elementor-widget-container\">\n\t\t\t\t\t<h2 class=\"elementor-heading-title elementor-size-medium\">Rozw\u00f3j ekspert\u00f3w i in\u017cynier\u00f3w<\/h2>\t\t\t\t<\/div>\n\t\t\t\t<\/div>\n\t\t\t\t<div class=\"elementor-element elementor-element-8428475 elementor-widget elementor-widget-text-editor\" data-id=\"8428475\" data-element_type=\"widget\" data-e-type=\"widget\" data-widget_type=\"text-editor.default\">\n\t\t\t\t<div class=\"elementor-widget-container\">\n\t\t\t\t\t\t\t\t\t<p><span style=\"color: var( --e-global-color-text );\"><b>Cenimy wiedz\u0119 i do\u015bwiadczenie.<\/b> Tworzymy bardzo dobre warunki do realizacji w\u0142asnych pomys\u0142\u00f3w i ci\u0105g\u0142ego doskonalenia.<\/span><\/p>\t\t\t\t\t\t\t\t<\/div>\n\t\t\t\t<\/div>\n\t\t\t\t\t<\/div>\n\t\t<\/div>\n\t\t\t\t<div class=\"elementor-column elementor-col-50 elementor-top-column elementor-element elementor-element-7e13abe\" data-id=\"7e13abe\" data-element_type=\"column\" data-e-type=\"column\">\n\t\t\t<div class=\"elementor-widget-wrap elementor-element-populated\">\n\t\t\t\t\t\t<div class=\"elementor-element elementor-element-52307c0 elementor-widget elementor-widget-image\" data-id=\"52307c0\" data-element_type=\"widget\" data-e-type=\"widget\" data-widget_type=\"image.default\">\n\t\t\t\t<div class=\"elementor-widget-container\">\n\t\t\t\t\t\t\t\t\t\t\t\t\t\t\t<img fetchpriority=\"high\" decoding=\"async\" width=\"1200\" height=\"801\" src=\"https:\/\/about.ismacontrolli.com\/wp-content\/uploads\/2022\/10\/iStock-842440646-1200x801.jpg\" class=\"attachment-large size-large wp-image-8375\" alt=\"\" srcset=\"https:\/\/about.ismacontrolli.com\/wp-content\/uploads\/2022\/10\/iStock-842440646-1200x801.jpg 1200w, https:\/\/about.ismacontrolli.com\/wp-content\/uploads\/2022\/10\/iStock-842440646-400x267.jpg 400w, https:\/\/about.ismacontrolli.com\/wp-content\/uploads\/2022\/10\/iStock-842440646-768x513.jpg 768w, https:\/\/about.ismacontrolli.com\/wp-content\/uploads\/2022\/10\/iStock-842440646-1536x1025.jpg 1536w, https:\/\/about.ismacontrolli.com\/wp-content\/uploads\/2022\/10\/iStock-842440646-2048x1367.jpg 2048w\" sizes=\"(max-width: 1200px) 100vw, 1200px\" \/>\t\t\t\t\t\t\t\t\t\t\t\t\t\t\t<\/div>\n\t\t\t\t<\/div>\n\t\t\t\t\t<\/div>\n\t\t<\/div>\n\t\t\t\t\t<\/div>\n\t\t<\/section>\n\t\t\t\t<section class=\"elementor-section elementor-top-section elementor-element elementor-element-b7883a9 elementor-section-boxed elementor-section-height-default elementor-section-height-default\" data-id=\"b7883a9\" data-element_type=\"section\" data-e-type=\"section\">\n\t\t\t\t\t\t<div class=\"elementor-container elementor-column-gap-default\">\n\t\t\t\t\t<div class=\"elementor-column elementor-col-100 elementor-top-column elementor-element elementor-element-b7dacc7\" data-id=\"b7dacc7\" data-element_type=\"column\" data-e-type=\"column\">\n\t\t\t<div class=\"elementor-widget-wrap elementor-element-populated\">\n\t\t\t\t\t\t<div class=\"elementor-element elementor-element-f40165f elementor-widget-divider--view-line elementor-widget elementor-widget-divider\" data-id=\"f40165f\" data-element_type=\"widget\" data-e-type=\"widget\" data-widget_type=\"divider.default\">\n\t\t\t\t<div class=\"elementor-widget-container\">\n\t\t\t\t\t\t\t<div class=\"elementor-divider\">\n\t\t\t<span class=\"elementor-divider-separator\">\n\t\t\t\t\t\t<\/span>\n\t\t<\/div>\n\t\t\t\t\t\t<\/div>\n\t\t\t\t<\/div>\n\t\t\t\t\t<\/div>\n\t\t<\/div>\n\t\t\t\t\t<\/div>\n\t\t<\/section>\n\t\t\t\t<section class=\"elementor-section elementor-top-section elementor-element elementor-element-c4fc2ce elementor-section-boxed elementor-section-height-default elementor-section-height-default\" data-id=\"c4fc2ce\" data-element_type=\"section\" data-e-type=\"section\">\n\t\t\t\t\t\t<div class=\"elementor-container elementor-column-gap-default\">\n\t\t\t\t\t<div class=\"elementor-column elementor-col-50 elementor-top-column elementor-element elementor-element-debaedd\" data-id=\"debaedd\" data-element_type=\"column\" data-e-type=\"column\">\n\t\t\t<div class=\"elementor-widget-wrap elementor-element-populated\">\n\t\t\t\t\t\t<div class=\"elementor-element elementor-element-e2c4dcd elementor-widget elementor-widget-image\" data-id=\"e2c4dcd\" data-element_type=\"widget\" data-e-type=\"widget\" data-widget_type=\"image.default\">\n\t\t\t\t<div class=\"elementor-widget-container\">\n\t\t\t\t\t\t\t\t\t\t\t\t\t\t\t<img decoding=\"async\" width=\"1200\" height=\"800\" src=\"https:\/\/about.ismacontrolli.com\/wp-content\/uploads\/2022\/05\/hands-1200x800.jpg\" class=\"attachment-large size-large wp-image-7415\" alt=\"\" srcset=\"https:\/\/about.ismacontrolli.com\/wp-content\/uploads\/2022\/05\/hands-1200x800.jpg 1200w, https:\/\/about.ismacontrolli.com\/wp-content\/uploads\/2022\/05\/hands-400x267.jpg 400w, https:\/\/about.ismacontrolli.com\/wp-content\/uploads\/2022\/05\/hands-768x512.jpg 768w, https:\/\/about.ismacontrolli.com\/wp-content\/uploads\/2022\/05\/hands-1536x1024.jpg 1536w, https:\/\/about.ismacontrolli.com\/wp-content\/uploads\/2022\/05\/hands-2048x1365.jpg 2048w\" sizes=\"(max-width: 1200px) 100vw, 1200px\" \/>\t\t\t\t\t\t\t\t\t\t\t\t\t\t\t<\/div>\n\t\t\t\t<\/div>\n\t\t\t\t\t<\/div>\n\t\t<\/div>\n\t\t\t\t<div class=\"elementor-column elementor-col-50 elementor-top-column elementor-element elementor-element-85e7c88\" data-id=\"85e7c88\" data-element_type=\"column\" data-e-type=\"column\">\n\t\t\t<div class=\"elementor-widget-wrap elementor-element-populated\">\n\t\t\t\t\t\t<div class=\"elementor-element elementor-element-e70ba30 elementor-widget elementor-widget-heading\" data-id=\"e70ba30\" data-element_type=\"widget\" data-e-type=\"widget\" data-widget_type=\"heading.default\">\n\t\t\t\t<div class=\"elementor-widget-container\">\n\t\t\t\t\t<h2 class=\"elementor-heading-title elementor-size-medium\"><span style=\"color: var( --e-global-color-primary )\">Rekrutacja &amp; Onboarding<\/span><\/h2>\t\t\t\t<\/div>\n\t\t\t\t<\/div>\n\t\t\t\t<div class=\"elementor-element elementor-element-3228990 elementor-widget elementor-widget-text-editor\" data-id=\"3228990\" data-element_type=\"widget\" data-e-type=\"widget\" data-widget_type=\"text-editor.default\">\n\t\t\t\t<div class=\"elementor-widget-container\">\n\t\t\t\t\t\t\t\t\t<p><b>Przyjazna rekrutacja<br \/><\/b><span style=\"color: var( --e-global-color-text );\">Proces rekrutacji przebiega w kilku niezb\u0119dnych etapach, w przyjaznej atmosferze, z zachowaniem minimum formalno\u015bci.<\/span><\/p><p><b>Wprowadzenie do pracy<br \/><\/b><span style=\"color: var( --e-global-color-text );\">Nowy pracownik otrzymuje wsparcie, kt\u00f3rego celem jest wprowadzenie w funkcjonowanie firmy i organizacj\u0119 stanowiska. Dok\u0142adamy wszelkich stara\u0144, aby szybko zintegrowa\u0142 si\u0119 z otoczeniem i poczu\u0142 si\u0119 cz\u0119\u015bci\u0105 Zespo\u0142u.<\/span><\/p>\t\t\t\t\t\t\t\t<\/div>\n\t\t\t\t<\/div>\n\t\t\t\t\t<\/div>\n\t\t<\/div>\n\t\t\t\t\t<\/div>\n\t\t<\/section>\n\t\t\t\t<section class=\"elementor-section elementor-top-section elementor-element elementor-element-ff89e82 elementor-section-boxed elementor-section-height-default elementor-section-height-default\" data-id=\"ff89e82\" data-element_type=\"section\" data-e-type=\"section\">\n\t\t\t\t\t\t<div class=\"elementor-container elementor-column-gap-default\">\n\t\t\t\t\t<div class=\"elementor-column elementor-col-100 elementor-top-column elementor-element elementor-element-bfa409a\" data-id=\"bfa409a\" data-element_type=\"column\" data-e-type=\"column\">\n\t\t\t<div class=\"elementor-widget-wrap elementor-element-populated\">\n\t\t\t\t\t\t<div class=\"elementor-element elementor-element-8e14e31 elementor-widget-divider--view-line elementor-widget elementor-widget-divider\" data-id=\"8e14e31\" data-element_type=\"widget\" data-e-type=\"widget\" data-widget_type=\"divider.default\">\n\t\t\t\t<div class=\"elementor-widget-container\">\n\t\t\t\t\t\t\t<div class=\"elementor-divider\">\n\t\t\t<span class=\"elementor-divider-separator\">\n\t\t\t\t\t\t<\/span>\n\t\t<\/div>\n\t\t\t\t\t\t<\/div>\n\t\t\t\t<\/div>\n\t\t\t\t\t<\/div>\n\t\t<\/div>\n\t\t\t\t\t<\/div>\n\t\t<\/section>\n\t\t\t\t<section class=\"elementor-section elementor-top-section elementor-element elementor-element-a215a61 elementor-section-boxed elementor-section-height-default elementor-section-height-default\" data-id=\"a215a61\" data-element_type=\"section\" data-e-type=\"section\">\n\t\t\t\t\t\t<div class=\"elementor-container elementor-column-gap-default\">\n\t\t\t\t\t<div class=\"elementor-column elementor-col-100 elementor-top-column elementor-element elementor-element-941ba49\" data-id=\"941ba49\" data-element_type=\"column\" data-e-type=\"column\">\n\t\t\t<div class=\"elementor-widget-wrap elementor-element-populated\">\n\t\t\t\t\t\t<div class=\"elementor-element elementor-element-1d0cede elementor-widget elementor-widget-heading\" data-id=\"1d0cede\" data-element_type=\"widget\" data-e-type=\"widget\" data-widget_type=\"heading.default\">\n\t\t\t\t<div class=\"elementor-widget-container\">\n\t\t\t\t\t<h1 class=\"elementor-heading-title elementor-size-large\">OFERTY PRACY<\/h1>\t\t\t\t<\/div>\n\t\t\t\t<\/div>\n\t\t\t\t<div class=\"elementor-element elementor-element-dc93432 elementor-widget-divider--view-line elementor-widget elementor-widget-divider\" data-id=\"dc93432\" data-element_type=\"widget\" data-e-type=\"widget\" data-widget_type=\"divider.default\">\n\t\t\t\t<div class=\"elementor-widget-container\">\n\t\t\t\t\t\t\t<div class=\"elementor-divider\">\n\t\t\t<span class=\"elementor-divider-separator\">\n\t\t\t\t\t\t<\/span>\n\t\t<\/div>\n\t\t\t\t\t\t<\/div>\n\t\t\t\t<\/div>\n\t\t\t\t\t<\/div>\n\t\t<\/div>\n\t\t\t\t\t<\/div>\n\t\t<\/section>\n\t\t\t\t<section class=\"elementor-section elementor-inner-section elementor-element elementor-element-6d9ee06b elementor-section-boxed elementor-section-height-default elementor-section-height-default\" data-id=\"6d9ee06b\" data-element_type=\"section\" data-e-type=\"section\">\n\t\t\t\t\t\t<div class=\"elementor-container elementor-column-gap-default\">\n\t\t\t\t\t<div class=\"elementor-column elementor-col-100 elementor-inner-column elementor-element elementor-element-7d5f00fa\" data-id=\"7d5f00fa\" data-element_type=\"column\" data-e-type=\"column\">\n\t\t\t<div class=\"elementor-widget-wrap elementor-element-populated\">\n\t\t\t\t\t\t<div class=\"elementor-element elementor-element-430636ea elementor-widget elementor-widget-text-editor\" data-id=\"430636ea\" data-element_type=\"widget\" data-e-type=\"widget\" data-widget_type=\"text-editor.default\">\n\t\t\t\t<div class=\"elementor-widget-container\">\n\t\t\t\t\t\t\t\t\t<h3 class=\"elementor-post__title\"><a href=\"https:\/\/about.ismacontrolli.com\/en\/job-offer\/obecnie-nie-prowadzimy-rekrutacji-na-nowe-stanowiska-pracy\/\">Obecnie nie prowadzimy rekrutacji na nowe stanowiska pracy.<\/a><\/h3><div class=\"elementor-post__excerpt\"><p>Dzi\u0119kujemy za zainteresowanie nasz\u0105 firm\u0105 i zapraszamy do \u015bledzenia naszej strony internetowej, gdzie na bie\u017c\u0105co publikujemy aktualne informacje.<\/p><\/div>\t\t\t\t\t\t\t\t<\/div>\n\t\t\t\t<\/div>\n\t\t\t\t\t<\/div>\n\t\t<\/div>\n\t\t\t\t\t<\/div>\n\t\t<\/section>\n\t\t\t\t<section class=\"elementor-section elementor-top-section elementor-element elementor-element-3c7011c elementor-section-boxed elementor-section-height-default elementor-section-height-default\" data-id=\"3c7011c\" data-element_type=\"section\" data-e-type=\"section\">\n\t\t\t\t\t\t<div class=\"elementor-container elementor-column-gap-default\">\n\t\t\t\t\t<div class=\"elementor-column elementor-col-100 elementor-top-column elementor-element elementor-element-cf194f5\" data-id=\"cf194f5\" data-element_type=\"column\" data-e-type=\"column\">\n\t\t\t<div class=\"elementor-widget-wrap elementor-element-populated\">\n\t\t\t\t\t\t<div class=\"elementor-element elementor-element-c470c20 elementor-widget-divider--view-line elementor-widget elementor-widget-divider\" data-id=\"c470c20\" data-element_type=\"widget\" data-e-type=\"widget\" data-widget_type=\"divider.default\">\n\t\t\t\t<div class=\"elementor-widget-container\">\n\t\t\t\t\t\t\t<div class=\"elementor-divider\">\n\t\t\t<span class=\"elementor-divider-separator\">\n\t\t\t\t\t\t<\/span>\n\t\t<\/div>\n\t\t\t\t\t\t<\/div>\n\t\t\t\t<\/div>\n\t\t\t\t<div class=\"elementor-element elementor-element-90953f5 elementor-widget elementor-widget-spacer\" data-id=\"90953f5\" data-element_type=\"widget\" data-e-type=\"widget\" data-widget_type=\"spacer.default\">\n\t\t\t\t<div class=\"elementor-widget-container\">\n\t\t\t\t\t\t\t<div class=\"elementor-spacer\">\n\t\t\t<div class=\"elementor-spacer-inner\"><\/div>\n\t\t<\/div>\n\t\t\t\t\t\t<\/div>\n\t\t\t\t<\/div>\n\t\t\t\t\t<\/div>\n\t\t<\/div>\n\t\t\t\t\t<\/div>\n\t\t<\/section>\n\t\t\t\t<\/div>\n\t\t","protected":false},"excerpt":{"rendered":"<p>Postaw na rozw\u00f3j w iSMA CONTROLLI Wsp\u00f3\u0142praca, do\u015bwiadczenie, zaanga\u017cowanie i szacunek to warto\u015bci kultury organizacyjnej, kt\u00f3r\u0105 kieruj\u0105 si\u0119 pracownicy iSMA CONTROLLI. Dzia\u0142amy w zespo\u0142ach, a efekty naszej pracy s\u0105 wynikiem wiedzy, innowacji, wymiany do\u015bwiadcze\u0144 i wzajemnego szacunku. Sta\u017ce i doskonalenie Jeste\u015bmy otwarci na dzielenie si\u0119 wiedz\u0105 z absolwentami, studentami, kandydatami w pocz\u0105tkowej fazie zdobywania do\u015bwiadczenia [&hellip;]<\/p>\n","protected":false},"author":13,"featured_media":0,"parent":0,"menu_order":0,"comment_status":"closed","ping_status":"closed","template":"elementor_header_footer","meta":{"_acf_changed":false,"tpgb_global_settings":"","_cbd_carousel_blocks":"[]","_monsterinsights_skip_tracking":false,"_monsterinsights_sitenote_active":false,"_monsterinsights_sitenote_note":"","_monsterinsights_sitenote_category":0,"_jet_sm_ready_style":"","_jet_sm_style":"","_jet_sm_controls_values":"","_jet_sm_fonts_collection":"","_jet_sm_fonts_links":"","footnotes":""},"class_list":["post-8825","page","type-page","status-publish","hentry"],"acf":[],"tpgb_featured_images":null,"tpgb_post_meta_info":{"get_date":"2022-11-04","get_modified_date":"2025-11-24","author_name":"Kamila Ochedzan","author_url":"https:\/\/about.ismacontrolli.com\/pl\/author\/kamila\/","author_email":"k.ochedzan@ismacontrolli.com","author_website":"","author_description":"","author_facebook":"","author_twitter":"","author_instagram":"","author_role":[],"author_firstname":"Kamila","author_lastname":"Ochedzan","user_login":"Kamila","author_avatar":"<img alt='' src='https:\/\/secure.gravatar.com\/avatar\/a86f9bf93f067389217be0a4cdcb369040acffab3705ab13cf36f21fc1aa6928?s=200&#038;d=mm&#038;r=g' srcset='https:\/\/secure.gravatar.com\/avatar\/a86f9bf93f067389217be0a4cdcb369040acffab3705ab13cf36f21fc1aa6928?s=400&#038;d=mm&#038;r=g 2x' class='avatar avatar-200 photo' height='200' width='200' decoding='async'\/>","author_avatar_url":"https:\/\/secure.gravatar.com\/avatar\/a86f9bf93f067389217be0a4cdcb369040acffab3705ab13cf36f21fc1aa6928?s=96&d=mm&r=g","comment_count":0,"post_likes":0,"post_views":0},"tpgb_post_category":[],"_links":{"self":[{"href":"https:\/\/about.ismacontrolli.com\/pl\/wp-json\/wp\/v2\/pages\/8825","targetHints":{"allow":["GET"]}}],"collection":[{"href":"https:\/\/about.ismacontrolli.com\/pl\/wp-json\/wp\/v2\/pages"}],"about":[{"href":"https:\/\/about.ismacontrolli.com\/pl\/wp-json\/wp\/v2\/types\/page"}],"author":[{"embeddable":true,"href":"https:\/\/about.ismacontrolli.com\/pl\/wp-json\/wp\/v2\/users\/13"}],"replies":[{"embeddable":true,"href":"https:\/\/about.ismacontrolli.com\/pl\/wp-json\/wp\/v2\/comments?post=8825"}],"version-history":[{"count":40,"href":"https:\/\/about.ismacontrolli.com\/pl\/wp-json\/wp\/v2\/pages\/8825\/revisions"}],"predecessor-version":[{"id":23538,"href":"https:\/\/about.ismacontrolli.com\/pl\/wp-json\/wp\/v2\/pages\/8825\/revisions\/23538"}],"wp:attachment":[{"href":"https:\/\/about.ismacontrolli.com\/pl\/wp-json\/wp\/v2\/media?parent=8825"}],"curies":[{"name":"wp","href":"https:\/\/api.w.org\/{rel}","templated":true}]}}