{"id":8686,"date":"2022-10-28T09:13:30","date_gmt":"2022-10-28T09:13:30","guid":{"rendered":"https:\/\/about.ismacontrolli.com\/?page_id=8686"},"modified":"2023-02-27T14:41:02","modified_gmt":"2023-02-27T14:41:02","slug":"aktualnosci","status":"publish","type":"page","link":"https:\/\/about.ismacontrolli.com\/pl\/aktualnosci\/","title":{"rendered":"Aktualno\u015bci"},"content":{"rendered":"\t\t<div data-elementor-type=\"wp-page\" data-elementor-id=\"8686\" class=\"elementor elementor-8686\" data-elementor-post-type=\"page\">\n\t\t\t\t\t\t<section class=\"elementor-section elementor-top-section elementor-element elementor-element-202ae7e4 elementor-section-boxed elementor-section-height-default elementor-section-height-default\" data-id=\"202ae7e4\" data-element_type=\"section\" data-e-type=\"section\">\n\t\t\t\t\t\t<div class=\"elementor-container elementor-column-gap-default\">\n\t\t\t\t\t<div class=\"elementor-column elementor-col-100 elementor-top-column elementor-element elementor-element-706d88dd\" data-id=\"706d88dd\" data-element_type=\"column\" data-e-type=\"column\">\n\t\t\t<div class=\"elementor-widget-wrap elementor-element-populated\">\n\t\t\t\t\t\t<div class=\"elementor-element elementor-element-7202b6fb elementor-widget elementor-widget-heading\" data-id=\"7202b6fb\" data-element_type=\"widget\" data-e-type=\"widget\" data-widget_type=\"heading.default\">\n\t\t\t\t<div class=\"elementor-widget-container\">\n\t\t\t\t\t<h2 class=\"elementor-heading-title elementor-size-default\">Aktualno\u015bci<\/h2>\t\t\t\t<\/div>\n\t\t\t\t<\/div>\n\t\t\t\t<div class=\"elementor-element elementor-element-225cfba4 elementor-grid-3 elementor-grid-tablet-2 elementor-grid-mobile-1 elementor-posts--thumbnail-top elementor-widget elementor-widget-posts\" data-id=\"225cfba4\" data-element_type=\"widget\" data-e-type=\"widget\" data-settings=\"{&quot;classic_columns&quot;:&quot;3&quot;,&quot;classic_columns_tablet&quot;:&quot;2&quot;,&quot;classic_columns_mobile&quot;:&quot;1&quot;,&quot;classic_row_gap&quot;:{&quot;unit&quot;:&quot;px&quot;,&quot;size&quot;:35,&quot;sizes&quot;:[]},&quot;classic_row_gap_tablet&quot;:{&quot;unit&quot;:&quot;px&quot;,&quot;size&quot;:&quot;&quot;,&quot;sizes&quot;:[]},&quot;classic_row_gap_mobile&quot;:{&quot;unit&quot;:&quot;px&quot;,&quot;size&quot;:&quot;&quot;,&quot;sizes&quot;:[]}}\" data-widget_type=\"posts.classic\">\n\t\t\t\t<div class=\"elementor-widget-container\">\n\t\t\t\t\t\t\t<div class=\"elementor-posts-container elementor-posts elementor-posts--skin-classic elementor-grid\" role=\"list\">\n\t\t\t\t<article class=\"elementor-post elementor-grid-item post-25210 post type-post status-publish format-standard has-post-thumbnail hentry category-aktualnosci tag-aktualizacja-produktow-ismacontrolli-product-release-release-2026 tag-niagara-ismacontrolli-product-release-release-workbench\" role=\"listitem\">\n\t\t\t\t<a class=\"elementor-post__thumbnail__link\" href=\"https:\/\/about.ismacontrolli.com\/pl\/nowe-podejscie-do-dostepu-do-sterownikow-aktualizacja-produktow-2026\/\" tabindex=\"-1\" >\n\t\t\t<div class=\"elementor-post__thumbnail\"><img fetchpriority=\"high\" decoding=\"async\" width=\"768\" height=\"576\" src=\"https:\/\/about.ismacontrolli.com\/wp-content\/uploads\/2026\/04\/newsletter-1200x900-1-768x576.png\" class=\"attachment-medium_large size-medium_large wp-image-25362\" alt=\"\" srcset=\"https:\/\/about.ismacontrolli.com\/wp-content\/uploads\/2026\/04\/newsletter-1200x900-1-768x576.png 768w, https:\/\/about.ismacontrolli.com\/wp-content\/uploads\/2026\/04\/newsletter-1200x900-1-400x300.png 400w, https:\/\/about.ismacontrolli.com\/wp-content\/uploads\/2026\/04\/newsletter-1200x900-1.png 1200w\" sizes=\"(max-width: 768px) 100vw, 768px\" \/><\/div>\n\t\t<\/a>\n\t\t\t\t<div class=\"elementor-post__text\">\n\t\t\t\t<h3 class=\"elementor-post__title\">\n\t\t\t<a href=\"https:\/\/about.ismacontrolli.com\/pl\/nowe-podejscie-do-dostepu-do-sterownikow-aktualizacja-produktow-2026\/\" >\n\t\t\t\tNowe podej\u015bcie do dost\u0119pu do sterownik\u00f3w &#8211; aktualizacja produkt\u00f3w 2026\t\t\t<\/a>\n\t\t<\/h3>\n\t\t\t\t<div class=\"elementor-post__excerpt\">\n\t\t\t<p>Przedstawiamy najnowsz\u0105 aktualizacj\u0119 produkt\u00f3w na rok 2026, skoncentrowan\u0105 na poprawie u\u017cyteczno\u015bci, do\u015bwiadczeniach u\u017cytkownika oraz mo\u017cliwo\u015bciach zdalnego zarz\u0105dzania.<br \/>\nNajwa\u017cniejsze zmiany:<br \/>\nObs\u0142uga 4G\/LTE w MAC36PRO \u2013 zapewnia uproszczony i niezawodny dost\u0119p zdalny bez konieczno\u015bci skomplikowanej konfiguracji sieci. W po\u0142\u0105czeniu z niedawno wydanym klientem&#8230; <\/p>\n\t\t<\/div>\n\t\t\n\t\t<a class=\"elementor-post__read-more\" href=\"https:\/\/about.ismacontrolli.com\/pl\/nowe-podejscie-do-dostepu-do-sterownikow-aktualizacja-produktow-2026\/\" aria-label=\"Read more about Nowe podej\u015bcie do dost\u0119pu do sterownik\u00f3w &#8211; aktualizacja produkt\u00f3w 2026\" tabindex=\"-1\" >\n\t\t\tWi\u0119cej \u00bb\t\t<\/a>\n\n\t\t\t\t<\/div>\n\t\t\t\t<\/article>\n\t\t\t\t<article class=\"elementor-post elementor-grid-item post-24869 post type-post status-publish format-standard has-post-thumbnail hentry category-aktualnosci tag-niagara-ismacontrolli-product-release-release-workbench\" role=\"listitem\">\n\t\t\t\t<a class=\"elementor-post__thumbnail__link\" href=\"https:\/\/about.ismacontrolli.com\/pl\/warsaw-hvac-expo-2026\/\" tabindex=\"-1\" >\n\t\t\t<div class=\"elementor-post__thumbnail\"><img decoding=\"async\" width=\"768\" height=\"576\" src=\"https:\/\/about.ismacontrolli.com\/wp-content\/uploads\/2026\/02\/iCP_W-HVAC-Expo_news-768x576.jpg\" class=\"attachment-medium_large size-medium_large wp-image-24871\" alt=\"\" srcset=\"https:\/\/about.ismacontrolli.com\/wp-content\/uploads\/2026\/02\/iCP_W-HVAC-Expo_news-768x576.jpg 768w, https:\/\/about.ismacontrolli.com\/wp-content\/uploads\/2026\/02\/iCP_W-HVAC-Expo_news-400x300.jpg 400w, https:\/\/about.ismacontrolli.com\/wp-content\/uploads\/2026\/02\/iCP_W-HVAC-Expo_news.jpg 1200w\" sizes=\"(max-width: 768px) 100vw, 768px\" \/><\/div>\n\t\t<\/a>\n\t\t\t\t<div class=\"elementor-post__text\">\n\t\t\t\t<h3 class=\"elementor-post__title\">\n\t\t\t<a href=\"https:\/\/about.ismacontrolli.com\/pl\/warsaw-hvac-expo-2026\/\" >\n\t\t\t\tWarsaw HVAC Expo 2026\t\t\t<\/a>\n\t\t<\/h3>\n\t\t\t\t<div class=\"elementor-post__excerpt\">\n\t\t\t<p>Spotkajmy si\u0119 na Warsaw HVAC Expo (Warszawa)<br \/>\n24\u201326.02.2026 | Mi\u0119dzynarodowe targi techniki grzewczej, wentylacji i klimatyzacji<br \/>\nTo kluczowe wydarzenie HVAC w Polsce: technologie, innowacje, networking oraz kongresy i wydarzenia towarzysz\u0105ce.<\/p>\n<p>Co poka\u017cemy na miejscu?<br \/>\nNajnowsze i najbardziej praktyczne rozwi\u0105zania z bran\u017cy BMS, kt\u00f3re da si\u0119 wdra\u017ca\u0107 w realnych budynkach&#8230;<\/p>\n\t\t<\/div>\n\t\t\n\t\t<a class=\"elementor-post__read-more\" href=\"https:\/\/about.ismacontrolli.com\/pl\/warsaw-hvac-expo-2026\/\" aria-label=\"Read more about Warsaw HVAC Expo 2026\" tabindex=\"-1\" >\n\t\t\tWi\u0119cej \u00bb\t\t<\/a>\n\n\t\t\t\t<\/div>\n\t\t\t\t<\/article>\n\t\t\t\t<article class=\"elementor-post elementor-grid-item post-24749 post type-post status-publish format-standard has-post-thumbnail hentry category-aktualnosci tag-niagara-ismacontrolli-product-release-release-workbench\" role=\"listitem\">\n\t\t\t\t<a class=\"elementor-post__thumbnail__link\" href=\"https:\/\/about.ismacontrolli.com\/pl\/isma-controlli-product-release-experience-our-latest-product-updates\/\" tabindex=\"-1\" >\n\t\t\t<div class=\"elementor-post__thumbnail\"><img decoding=\"async\" width=\"768\" height=\"576\" src=\"https:\/\/about.ismacontrolli.com\/wp-content\/uploads\/2025\/12\/newsletter11-768x576.jpg\" class=\"attachment-medium_large size-medium_large wp-image-24753\" alt=\"\" srcset=\"https:\/\/about.ismacontrolli.com\/wp-content\/uploads\/2025\/12\/newsletter11-768x576.jpg 768w, https:\/\/about.ismacontrolli.com\/wp-content\/uploads\/2025\/12\/newsletter11-400x300.jpg 400w, https:\/\/about.ismacontrolli.com\/wp-content\/uploads\/2025\/12\/newsletter11-1200x900.jpg 1200w, https:\/\/about.ismacontrolli.com\/wp-content\/uploads\/2025\/12\/newsletter11-1536x1152.jpg 1536w, https:\/\/about.ismacontrolli.com\/wp-content\/uploads\/2025\/12\/newsletter11-2048x1536.jpg 2048w\" sizes=\"(max-width: 768px) 100vw, 768px\" \/><\/div>\n\t\t<\/a>\n\t\t\t\t<div class=\"elementor-post__text\">\n\t\t\t\t<h3 class=\"elementor-post__title\">\n\t\t\t<a href=\"https:\/\/about.ismacontrolli.com\/pl\/isma-controlli-product-release-experience-our-latest-product-updates\/\" >\n\t\t\t\tWydanie produktowe iSMA CONTROLLI. Poznaj nasze najnowsze aktualizacje i usprawnienia.\t\t\t<\/a>\n\t\t<\/h3>\n\t\t\t\t<div class=\"elementor-post__excerpt\">\n\t\t\t<p>Prezentujemy najnowsz\u0105 aktualizacj\u0119 produktow\u0105 iSMA CONTROLLI, obejmuj\u0105c\u0105 szereg istotnych usprawnie\u0144 i nowych funkcjonalno\u015bci, kt\u00f3rych celem jest usprawnienie codziennej pracy oraz zwi\u0119kszenie jej efektywno\u015bci.<br \/>\nW ramach tej aktualizacji wprowadzono zmiany i nowe produkty w obszarach&#8230;<\/p>\n\t\t<\/div>\n\t\t\n\t\t<a class=\"elementor-post__read-more\" href=\"https:\/\/about.ismacontrolli.com\/pl\/isma-controlli-product-release-experience-our-latest-product-updates\/\" aria-label=\"Read more about Wydanie produktowe iSMA CONTROLLI. Poznaj nasze najnowsze aktualizacje i usprawnienia.\" tabindex=\"-1\" >\n\t\t\tWi\u0119cej \u00bb\t\t<\/a>\n\n\t\t\t\t<\/div>\n\t\t\t\t<\/article>\n\t\t\t\t<article class=\"elementor-post elementor-grid-item post-19952 post type-post status-publish format-standard has-post-thumbnail hentry category-aktualnosci\" role=\"listitem\">\n\t\t\t\t<a class=\"elementor-post__thumbnail__link\" href=\"https:\/\/about.ismacontrolli.com\/pl\/nowoczesna-automatyka-budynkowa-z-isma-controlli\/\" tabindex=\"-1\" >\n\t\t\t<div class=\"elementor-post__thumbnail\"><img loading=\"lazy\" decoding=\"async\" width=\"768\" height=\"483\" src=\"https:\/\/about.ismacontrolli.com\/wp-content\/uploads\/2025\/01\/obraz_2025-01-30_155713971-768x483.png\" class=\"attachment-medium_large size-medium_large wp-image-19760\" alt=\"\" srcset=\"https:\/\/about.ismacontrolli.com\/wp-content\/uploads\/2025\/01\/obraz_2025-01-30_155713971-768x483.png 768w, https:\/\/about.ismacontrolli.com\/wp-content\/uploads\/2025\/01\/obraz_2025-01-30_155713971-400x252.png 400w, https:\/\/about.ismacontrolli.com\/wp-content\/uploads\/2025\/01\/obraz_2025-01-30_155713971.png 917w\" sizes=\"(max-width: 768px) 100vw, 768px\" \/><\/div>\n\t\t<\/a>\n\t\t\t\t<div class=\"elementor-post__text\">\n\t\t\t\t<h3 class=\"elementor-post__title\">\n\t\t\t<a href=\"https:\/\/about.ismacontrolli.com\/pl\/nowoczesna-automatyka-budynkowa-z-isma-controlli\/\" >\n\t\t\t\tNowoczesna automatyka budynkowa z iSMA CONTROLLI\t\t\t<\/a>\n\t\t<\/h3>\n\t\t\t\t<div class=\"elementor-post__excerpt\">\n\t\t\t<p>iSMA CONTROLLI dostarcza nowoczesne rozwi\u0105zania automatyki budynkowej, kt\u00f3re usprawniaj\u0105 zarz\u0105dzanie systemami HVAC i BMS. Oferujemy<\/p>\n\t\t<\/div>\n\t\t\n\t\t<a class=\"elementor-post__read-more\" href=\"https:\/\/about.ismacontrolli.com\/pl\/nowoczesna-automatyka-budynkowa-z-isma-controlli\/\" aria-label=\"Read more about Nowoczesna automatyka budynkowa z iSMA CONTROLLI\" tabindex=\"-1\" >\n\t\t\tWi\u0119cej \u00bb\t\t<\/a>\n\n\t\t\t\t<\/div>\n\t\t\t\t<\/article>\n\t\t\t\t<article class=\"elementor-post elementor-grid-item post-18014 post type-post status-publish format-standard has-post-thumbnail hentry category-aktualnosci tag-smartbuildingshow-event-london-ismacontrolli-smartcities-buildingautomation-pl\" role=\"listitem\">\n\t\t\t\t<a class=\"elementor-post__thumbnail__link\" href=\"https:\/\/about.ismacontrolli.com\/pl\/niagara-forum-italy-2024\/\" tabindex=\"-1\" >\n\t\t\t<div class=\"elementor-post__thumbnail\"><img loading=\"lazy\" decoding=\"async\" width=\"768\" height=\"576\" src=\"https:\/\/about.ismacontrolli.com\/wp-content\/uploads\/2024\/10\/MAC36PRO_1200x900-px-banner-news-website-768x576.png\" class=\"attachment-medium_large size-medium_large wp-image-18031\" alt=\"\" srcset=\"https:\/\/about.ismacontrolli.com\/wp-content\/uploads\/2024\/10\/MAC36PRO_1200x900-px-banner-news-website-768x576.png 768w, https:\/\/about.ismacontrolli.com\/wp-content\/uploads\/2024\/10\/MAC36PRO_1200x900-px-banner-news-website-400x300.png 400w, https:\/\/about.ismacontrolli.com\/wp-content\/uploads\/2024\/10\/MAC36PRO_1200x900-px-banner-news-website.png 1200w\" sizes=\"(max-width: 768px) 100vw, 768px\" \/><\/div>\n\t\t<\/a>\n\t\t\t\t<div class=\"elementor-post__text\">\n\t\t\t\t<h3 class=\"elementor-post__title\">\n\t\t\t<a href=\"https:\/\/about.ismacontrolli.com\/pl\/niagara-forum-italy-2024\/\" >\n\t\t\t\tNiagara Forum Italy 2024\t\t\t<\/a>\n\t\t<\/h3>\n\t\t\t\t<div class=\"elementor-post__excerpt\">\n\t\t\t<p>Jeste\u015bmy dumni, \u017ce mo\u017cemy by\u0107 Platynowym Sponsorem na Niagara Forum W\u0142ochy 2024!<\/p>\n<p>Do\u0142\u0105cz do iSMA CONTROLLI 22 pa\u017adziernika 2024 na Niagara Forum W\u0142ochy i odkryj przysz\u0142o\u015b\u0107 inteligentnych budynk\u00f3w.<\/p>\n<p>To presti\u017cowe wydarzenie gromadzi ekspert\u00f3w..<\/p>\n\t\t<\/div>\n\t\t\n\t\t<a class=\"elementor-post__read-more\" href=\"https:\/\/about.ismacontrolli.com\/pl\/niagara-forum-italy-2024\/\" aria-label=\"Read more about Niagara Forum Italy 2024\" tabindex=\"-1\" >\n\t\t\tWi\u0119cej \u00bb\t\t<\/a>\n\n\t\t\t\t<\/div>\n\t\t\t\t<\/article>\n\t\t\t\t<article class=\"elementor-post elementor-grid-item post-16464 post type-post status-publish format-standard has-post-thumbnail hentry category-aktualnosci\" role=\"listitem\">\n\t\t\t\t<a class=\"elementor-post__thumbnail__link\" href=\"https:\/\/about.ismacontrolli.com\/pl\/redefiniowanie-mozliwosci-podnies-swoje-doswiadczenie-dzieki-wprowadzeniu-nowego-produktu\/\" tabindex=\"-1\" >\n\t\t\t<div class=\"elementor-post__thumbnail\"><img loading=\"lazy\" decoding=\"async\" width=\"768\" height=\"576\" src=\"https:\/\/about.ismacontrolli.com\/wp-content\/uploads\/2024\/07\/1200x900-px-BANNER-NEWS-768x576.png\" class=\"attachment-medium_large size-medium_large wp-image-16302\" alt=\"\" srcset=\"https:\/\/about.ismacontrolli.com\/wp-content\/uploads\/2024\/07\/1200x900-px-BANNER-NEWS-768x576.png 768w, https:\/\/about.ismacontrolli.com\/wp-content\/uploads\/2024\/07\/1200x900-px-BANNER-NEWS-400x300.png 400w, https:\/\/about.ismacontrolli.com\/wp-content\/uploads\/2024\/07\/1200x900-px-BANNER-NEWS.png 1201w\" sizes=\"(max-width: 768px) 100vw, 768px\" \/><\/div>\n\t\t<\/a>\n\t\t\t\t<div class=\"elementor-post__text\">\n\t\t\t\t<h3 class=\"elementor-post__title\">\n\t\t\t<a href=\"https:\/\/about.ismacontrolli.com\/pl\/redefiniowanie-mozliwosci-podnies-swoje-doswiadczenie-dzieki-wprowadzeniu-nowego-produktu\/\" >\n\t\t\t\tRedefiniowanie mo\u017cliwo\u015bci. Podnie\u015b swoje do\u015bwiadczenie dzi\u0119ki wprowadzeniu nowego produktu.\t\t\t<\/a>\n\t\t<\/h3>\n\t\t\t\t<div class=\"elementor-post__excerpt\">\n\t\t\t<p>Redefiniowanie mo\u017cliwo\u015bci. Podnie\u015b swoje do\u015bwiadczenie dzi\u0119ki wprowadzeniu nowego produktu. Z przyjemno\u015bci\u0105 og\u0142aszamy wydanie naszego najnowszego produktu, pe\u0142nego ekscytuj\u0105cych aktualizacji i nowych dodatk\u00f3w, kt\u00f3re obiecuj\u0105 podnie\u015b\u0107 Twoje do\u015bwiadczenie z naszymi produktami.<\/p>\n\t\t<\/div>\n\t\t\n\t\t<a class=\"elementor-post__read-more\" href=\"https:\/\/about.ismacontrolli.com\/pl\/redefiniowanie-mozliwosci-podnies-swoje-doswiadczenie-dzieki-wprowadzeniu-nowego-produktu\/\" aria-label=\"Read more about Redefiniowanie mo\u017cliwo\u015bci. Podnie\u015b swoje do\u015bwiadczenie dzi\u0119ki wprowadzeniu nowego produktu.\" tabindex=\"-1\" >\n\t\t\tWi\u0119cej \u00bb\t\t<\/a>\n\n\t\t\t\t<\/div>\n\t\t\t\t<\/article>\n\t\t\t\t<\/div>\n\t\t\n\t\t\t\t<div class=\"e-load-more-anchor\" data-page=\"1\" data-max-page=\"4\" data-next-page=\"https:\/\/about.ismacontrolli.com\/pl\/wp-json\/wp\/v2\/pages\/8686\/page\/2\/\"><\/div>\n\t\t\t\t<nav class=\"elementor-pagination\" aria-label=\"Paginacja\">\n\t\t\t<span class=\"page-numbers prev\">&laquo; Previous<\/span>\n<span aria-current=\"page\" class=\"page-numbers current\"><span class=\"elementor-screen-only\">Strona<\/span>1<\/span>\n<a class=\"page-numbers\" href=\"https:\/\/about.ismacontrolli.com\/pl\/wp-json\/wp\/v2\/pages\/8686\/page\/2\/\"><span class=\"elementor-screen-only\">Strona<\/span>2<\/a>\n<a class=\"page-numbers\" href=\"https:\/\/about.ismacontrolli.com\/pl\/wp-json\/wp\/v2\/pages\/8686\/page\/3\/\"><span class=\"elementor-screen-only\">Strona<\/span>3<\/a>\n<a class=\"page-numbers\" href=\"https:\/\/about.ismacontrolli.com\/pl\/wp-json\/wp\/v2\/pages\/8686\/page\/4\/\"><span class=\"elementor-screen-only\">Strona<\/span>4<\/a>\n<a class=\"page-numbers next\" href=\"https:\/\/about.ismacontrolli.com\/pl\/wp-json\/wp\/v2\/pages\/8686\/page\/2\/\">Next &raquo;<\/a>\t\t<\/nav>\n\t\t\t\t\t\t<\/div>\n\t\t\t\t<\/div>\n\t\t\t\t\t<\/div>\n\t\t<\/div>\n\t\t\t\t\t<\/div>\n\t\t<\/section>\n\t\t\t\t<\/div>\n\t\t","protected":false},"excerpt":{"rendered":"<p>Aktualno\u015bci<\/p>\n","protected":false},"author":13,"featured_media":0,"parent":0,"menu_order":0,"comment_status":"closed","ping_status":"closed","template":"elementor_header_footer","meta":{"_acf_changed":false,"tpgb_global_settings":"","_cbd_carousel_blocks":"[]","_monsterinsights_skip_tracking":false,"_monsterinsights_sitenote_active":false,"_monsterinsights_sitenote_note":"","_monsterinsights_sitenote_category":0,"_jet_sm_ready_style":"","_jet_sm_style":"","_jet_sm_controls_values":"","_jet_sm_fonts_collection":"","_jet_sm_fonts_links":"","footnotes":""},"class_list":["post-8686","page","type-page","status-publish","hentry"],"acf":[],"tpgb_featured_images":null,"tpgb_post_meta_info":{"get_date":"2022-10-28","get_modified_date":"2023-02-27","author_name":"Kamila Ochedzan","author_url":"https:\/\/about.ismacontrolli.com\/pl\/author\/kamila\/","author_email":"k.ochedzan@ismacontrolli.com","author_website":"","author_description":"","author_facebook":"","author_twitter":"","author_instagram":"","author_role":[],"author_firstname":"Kamila","author_lastname":"Ochedzan","user_login":"Kamila","author_avatar":"<img alt='' src='https:\/\/secure.gravatar.com\/avatar\/df1c89bc3387a611384a2be53c1d37ce8826cd457e9fe8fc3392d5d43990228c?s=200&#038;d=mm&#038;r=g' srcset='https:\/\/secure.gravatar.com\/avatar\/df1c89bc3387a611384a2be53c1d37ce8826cd457e9fe8fc3392d5d43990228c?s=400&#038;d=mm&#038;r=g 2x' class='avatar avatar-200 photo' height='200' width='200' decoding='async'\/>","author_avatar_url":"https:\/\/secure.gravatar.com\/avatar\/df1c89bc3387a611384a2be53c1d37ce8826cd457e9fe8fc3392d5d43990228c?s=96&d=mm&r=g","comment_count":0,"post_likes":0,"post_views":0},"tpgb_post_category":[],"_links":{"self":[{"href":"https:\/\/about.ismacontrolli.com\/pl\/wp-json\/wp\/v2\/pages\/8686","targetHints":{"allow":["GET"]}}],"collection":[{"href":"https:\/\/about.ismacontrolli.com\/pl\/wp-json\/wp\/v2\/pages"}],"about":[{"href":"https:\/\/about.ismacontrolli.com\/pl\/wp-json\/wp\/v2\/types\/page"}],"author":[{"embeddable":true,"href":"https:\/\/about.ismacontrolli.com\/pl\/wp-json\/wp\/v2\/users\/13"}],"replies":[{"embeddable":true,"href":"https:\/\/about.ismacontrolli.com\/pl\/wp-json\/wp\/v2\/comments?post=8686"}],"version-history":[{"count":20,"href":"https:\/\/about.ismacontrolli.com\/pl\/wp-json\/wp\/v2\/pages\/8686\/revisions"}],"predecessor-version":[{"id":9031,"href":"https:\/\/about.ismacontrolli.com\/pl\/wp-json\/wp\/v2\/pages\/8686\/revisions\/9031"}],"wp:attachment":[{"href":"https:\/\/about.ismacontrolli.com\/pl\/wp-json\/wp\/v2\/media?parent=8686"}],"curies":[{"name":"wp","href":"https:\/\/api.w.org\/{rel}","templated":true}]}}