{"id":20017,"date":"2025-03-06T10:06:33","date_gmt":"2025-03-06T09:06:33","guid":{"rendered":"https:\/\/about.ismacontrolli.com\/?page_id=20017"},"modified":"2025-03-06T10:11:21","modified_gmt":"2025-03-06T09:11:21","slug":"potwierdzenie-zapisu-do-newslettera","status":"publish","type":"page","link":"https:\/\/about.ismacontrolli.com\/pl\/potwierdzenie-zapisu-do-newslettera\/","title":{"rendered":"Potwierdzenie Zapisu do Newslettera"},"content":{"rendered":"\t\t<div data-elementor-type=\"wp-page\" data-elementor-id=\"20017\" class=\"elementor elementor-20017\" data-elementor-post-type=\"page\">\n\t\t\t\t\t\t<section class=\"elementor-section elementor-top-section elementor-element elementor-element-21ff4f9e elementor-section-boxed elementor-section-height-default elementor-section-height-default\" data-id=\"21ff4f9e\" data-element_type=\"section\" data-e-type=\"section\">\n\t\t\t\t\t\t<div class=\"elementor-container elementor-column-gap-default\">\n\t\t\t\t\t<div class=\"elementor-column elementor-col-100 elementor-top-column elementor-element elementor-element-97e694f\" data-id=\"97e694f\" data-element_type=\"column\" data-e-type=\"column\">\n\t\t\t<div class=\"elementor-widget-wrap elementor-element-populated\">\n\t\t\t\t\t\t<div class=\"elementor-element elementor-element-21ea52fe elementor-widget elementor-widget-heading\" data-id=\"21ea52fe\" data-element_type=\"widget\" data-e-type=\"widget\" data-widget_type=\"heading.default\">\n\t\t\t\t<div class=\"elementor-widget-container\">\n\t\t\t\t\t<h1 class=\"elementor-heading-title elementor-size-large\">Potwierdzenie Zapisu do Newslettera <\/h1>\t\t\t\t<\/div>\n\t\t\t\t<\/div>\n\t\t\t\t\t<\/div>\n\t\t<\/div>\n\t\t\t\t\t<\/div>\n\t\t<\/section>\n\t\t\t\t<section class=\"elementor-section elementor-top-section elementor-element elementor-element-7c426512 elementor-section-boxed elementor-section-height-default elementor-section-height-default\" data-id=\"7c426512\" data-element_type=\"section\" data-e-type=\"section\">\n\t\t\t\t\t\t<div class=\"elementor-container elementor-column-gap-default\">\n\t\t\t\t\t<div class=\"elementor-column elementor-col-100 elementor-top-column elementor-element elementor-element-3eeef77e\" data-id=\"3eeef77e\" data-element_type=\"column\" data-e-type=\"column\">\n\t\t\t<div class=\"elementor-widget-wrap elementor-element-populated\">\n\t\t\t\t\t\t<div class=\"elementor-element elementor-element-4d0a8c6b elementor-widget-divider--view-line elementor-widget elementor-widget-divider\" data-id=\"4d0a8c6b\" data-element_type=\"widget\" data-e-type=\"widget\" data-widget_type=\"divider.default\">\n\t\t\t\t<div class=\"elementor-widget-container\">\n\t\t\t\t\t\t\t<div class=\"elementor-divider\">\n\t\t\t<span class=\"elementor-divider-separator\">\n\t\t\t\t\t\t<\/span>\n\t\t<\/div>\n\t\t\t\t\t\t<\/div>\n\t\t\t\t<\/div>\n\t\t\t\t\t<\/div>\n\t\t<\/div>\n\t\t\t\t\t<\/div>\n\t\t<\/section>\n\t\t\t\t<section class=\"elementor-section elementor-top-section elementor-element elementor-element-258755af elementor-section-full_width elementor-section-content-middle elementor-section-height-default elementor-section-height-default\" data-id=\"258755af\" data-element_type=\"section\" data-e-type=\"section\">\n\t\t\t\t\t\t<div class=\"elementor-container elementor-column-gap-no\">\n\t\t\t\t\t<div class=\"elementor-column elementor-col-100 elementor-top-column elementor-element elementor-element-3ee62609\" data-id=\"3ee62609\" data-element_type=\"column\" data-e-type=\"column\">\n\t\t\t<div class=\"elementor-widget-wrap elementor-element-populated\">\n\t\t\t\t\t\t<section class=\"elementor-section elementor-inner-section elementor-element elementor-element-57e709c1 elementor-section-content-top elementor-section-boxed elementor-section-height-default elementor-section-height-default\" data-id=\"57e709c1\" data-element_type=\"section\" data-e-type=\"section\">\n\t\t\t\t\t\t<div class=\"elementor-container elementor-column-gap-no\">\n\t\t\t\t\t<div class=\"elementor-column elementor-col-33 elementor-inner-column elementor-element elementor-element-7d57ccbe\" data-id=\"7d57ccbe\" data-element_type=\"column\" data-e-type=\"column\">\n\t\t\t<div class=\"elementor-widget-wrap\">\n\t\t\t\t\t\t\t<\/div>\n\t\t<\/div>\n\t\t\t\t<div class=\"elementor-column elementor-col-33 elementor-inner-column elementor-element elementor-element-1d0216f6\" data-id=\"1d0216f6\" data-element_type=\"column\" data-e-type=\"column\">\n\t\t\t<div class=\"elementor-widget-wrap elementor-element-populated\">\n\t\t\t\t\t\t<div class=\"elementor-element elementor-element-6ceb8b8 elementor-widget elementor-widget-text-editor\" data-id=\"6ceb8b8\" data-element_type=\"widget\" data-e-type=\"widget\" data-widget_type=\"text-editor.default\">\n\t\t\t\t<div class=\"elementor-widget-container\">\n\t\t\t\t\t\t\t\t\t<p><strong>Sukces! Zosta\u0142e\u015b dodany do listy mailingowej iSMA CONTROLLI Polska Sp. z o.o.\u00a0<\/strong><\/p>\t\t\t\t\t\t\t\t<\/div>\n\t\t\t\t<\/div>\n\t\t\t\t<div class=\"elementor-element elementor-element-5f9b9c5 elementor-widget-divider--separator-type-pattern elementor-widget-divider--no-spacing elementor-widget-divider--view-line elementor-widget elementor-widget-divider\" data-id=\"5f9b9c5\" data-element_type=\"widget\" data-e-type=\"widget\" data-widget_type=\"divider.default\">\n\t\t\t\t<div class=\"elementor-widget-container\">\n\t\t\t\t\t\t\t<div class=\"elementor-divider\" style=\"--divider-pattern-url: url(&quot;data:image\/svg+xml,%3Csvg xmlns=&#039;http:\/\/www.w3.org\/2000\/svg&#039; preserveAspectRatio=&#039;xMidYMid meet&#039; overflow=&#039;visible&#039; height=&#039;100%&#039; viewBox=&#039;0 0 121 26&#039; fill=&#039;black&#039; stroke=&#039;none&#039;%3E%3Cpath d=&#039;M29.6,10.3l2.1,2.2l-3.6,3.3h7v2.9h-7l3.6,3.5l-2.1,1.7l-5.2-5.2h-5.8v-2.9h5.8L29.6,10.3z M70.9,9.6l2.1,1.7l-3.6,3.5h7v2.9h-7l3.6,3.3l-2.1,2.2l-5.2-5.5h-5.8v-2.9h5.8L70.9,9.6z M111.5,9.6l2.1,1.7l-3.6,3.5h7v2.9h-7l3.6,3.3l-2.1,2.2l-5.2-5.5h-5.8v-2.9h5.8L111.5,9.6z M50.2,2.7l2.1,1.7l-3.6,3.5h7v2.9h-7l3.6,3.3l-2.1,2.2L45,10.7h-5.8V7.9H45L50.2,2.7z M11,2l2.1,1.7L9.6,7.2h7V10h-7l3.6,3.3L11,15.5L5.8,10H0V7.2h5.8L11,2z M91.5,2l2.1,2.2l-3.6,3.3h7v2.9h-7l3.6,3.5l-2.1,1.7l-5.2-5.2h-5.8V7.5h5.8L91.5,2z&#039;\/%3E%3C\/svg%3E&quot;);\">\n\t\t\t<span class=\"elementor-divider-separator\">\n\t\t\t\t\t\t<\/span>\n\t\t<\/div>\n\t\t\t\t\t\t<\/div>\n\t\t\t\t<\/div>\n\t\t\t\t<div class=\"elementor-element elementor-element-600a527 elementor-widget elementor-widget-text-editor\" data-id=\"600a527\" data-element_type=\"widget\" data-e-type=\"widget\" data-widget_type=\"text-editor.default\">\n\t\t\t\t<div class=\"elementor-widget-container\">\n\t\t\t\t\t\t\t\t\t<p>Obiecujemy dostarcza\u0107 Ci tylko warto\u015bciowe informacje! \u017badnego spamu.<\/p>\t\t\t\t\t\t\t\t<\/div>\n\t\t\t\t<\/div>\n\t\t\t\t\t<\/div>\n\t\t<\/div>\n\t\t\t\t<div class=\"elementor-column elementor-col-33 elementor-inner-column elementor-element elementor-element-6e8c8f8c\" data-id=\"6e8c8f8c\" data-element_type=\"column\" data-e-type=\"column\">\n\t\t\t<div class=\"elementor-widget-wrap\">\n\t\t\t\t\t\t\t<\/div>\n\t\t<\/div>\n\t\t\t\t\t<\/div>\n\t\t<\/section>\n\t\t\t\t<div class=\"elementor-element elementor-element-13034986 elementor-widget elementor-widget-spacer\" data-id=\"13034986\" data-element_type=\"widget\" data-e-type=\"widget\" data-widget_type=\"spacer.default\">\n\t\t\t\t<div class=\"elementor-widget-container\">\n\t\t\t\t\t\t\t<div class=\"elementor-spacer\">\n\t\t\t<div class=\"elementor-spacer-inner\"><\/div>\n\t\t<\/div>\n\t\t\t\t\t\t<\/div>\n\t\t\t\t<\/div>\n\t\t\t\t\t<\/div>\n\t\t<\/div>\n\t\t\t\t\t<\/div>\n\t\t<\/section>\n\t\t\t\t<\/div>\n\t\t","protected":false},"excerpt":{"rendered":"<p>Potwierdzenie Zapisu do Newslettera Sukces! Zosta\u0142e\u015b dodany do listy mailingowej iSMA CONTROLLI Polska Sp. z o.o.\u00a0 Obiecujemy dostarcza\u0107 Ci tylko warto\u015bciowe informacje! \u017badnego spamu.<\/p>\n","protected":false},"author":19,"featured_media":4431,"parent":0,"menu_order":0,"comment_status":"closed","ping_status":"closed","template":"elementor_header_footer","meta":{"_acf_changed":false,"tpgb_global_settings":"","_cbd_carousel_blocks":"[]","_monsterinsights_skip_tracking":false,"_monsterinsights_sitenote_active":false,"_monsterinsights_sitenote_note":"","_monsterinsights_sitenote_category":0,"_jet_sm_ready_style":"","_jet_sm_style":"","_jet_sm_controls_values":"","_jet_sm_fonts_collection":"","_jet_sm_fonts_links":"","footnotes":""},"class_list":["post-20017","page","type-page","status-publish","has-post-thumbnail","hentry"],"acf":[],"tpgb_featured_images":{"full":["https:\/\/about.ismacontrolli.com\/wp-content\/uploads\/2022\/02\/buildings_sun-scaled.jpg",2560,1709,false],"tp-image-grid":["https:\/\/about.ismacontrolli.com\/wp-content\/uploads\/2022\/02\/buildings_sun-scaled.jpg",700,467,false],"thumbnail":["https:\/\/about.ismacontrolli.com\/wp-content\/uploads\/2022\/02\/buildings_sun-scaled-150x150.jpg",150,150,true],"medium":["https:\/\/about.ismacontrolli.com\/wp-content\/uploads\/2022\/02\/buildings_sun-scaled-400x267.jpg",400,267,true],"medium_large":["https:\/\/about.ismacontrolli.com\/wp-content\/uploads\/2022\/02\/buildings_sun-scaled-768x513.jpg",768,513,true],"large":["https:\/\/about.ismacontrolli.com\/wp-content\/uploads\/2022\/02\/buildings_sun-scaled-1200x801.jpg",1200,801,true],"default":"https:\/\/about.ismacontrolli.com\/wp-content\/plugins\/the-plus-addons-for-block-editor\/assets\/images\/tpgb-placeholder.jpg"},"tpgb_post_meta_info":{"get_date":"2025-03-06","get_modified_date":"2025-03-06","author_name":"Sebastian Knapik","author_url":"https:\/\/about.ismacontrolli.com\/pl\/author\/sebastian\/","author_email":"sebastian.knapik@ismacontrolli.com","author_website":"","author_description":"","author_facebook":"","author_twitter":"","author_instagram":"","author_role":["administrator"],"author_firstname":"Sebastian","author_lastname":"Knapik","user_login":"Sebastian","author_avatar":"<img alt='' src='https:\/\/secure.gravatar.com\/avatar\/df1c89bc3387a611384a2be53c1d37ce8826cd457e9fe8fc3392d5d43990228c?s=200&#038;d=mm&#038;r=g' srcset='https:\/\/secure.gravatar.com\/avatar\/df1c89bc3387a611384a2be53c1d37ce8826cd457e9fe8fc3392d5d43990228c?s=400&#038;d=mm&#038;r=g 2x' class='avatar avatar-200 photo' height='200' width='200' decoding='async'\/>","author_avatar_url":"https:\/\/secure.gravatar.com\/avatar\/df1c89bc3387a611384a2be53c1d37ce8826cd457e9fe8fc3392d5d43990228c?s=96&d=mm&r=g","comment_count":0,"post_likes":0,"post_views":0},"tpgb_post_category":[],"_links":{"self":[{"href":"https:\/\/about.ismacontrolli.com\/pl\/wp-json\/wp\/v2\/pages\/20017","targetHints":{"allow":["GET"]}}],"collection":[{"href":"https:\/\/about.ismacontrolli.com\/pl\/wp-json\/wp\/v2\/pages"}],"about":[{"href":"https:\/\/about.ismacontrolli.com\/pl\/wp-json\/wp\/v2\/types\/page"}],"author":[{"embeddable":true,"href":"https:\/\/about.ismacontrolli.com\/pl\/wp-json\/wp\/v2\/users\/19"}],"replies":[{"embeddable":true,"href":"https:\/\/about.ismacontrolli.com\/pl\/wp-json\/wp\/v2\/comments?post=20017"}],"version-history":[{"count":7,"href":"https:\/\/about.ismacontrolli.com\/pl\/wp-json\/wp\/v2\/pages\/20017\/revisions"}],"predecessor-version":[{"id":20024,"href":"https:\/\/about.ismacontrolli.com\/pl\/wp-json\/wp\/v2\/pages\/20017\/revisions\/20024"}],"wp:featuredmedia":[{"embeddable":true,"href":"https:\/\/about.ismacontrolli.com\/pl\/wp-json\/wp\/v2\/media\/4431"}],"wp:attachment":[{"href":"https:\/\/about.ismacontrolli.com\/pl\/wp-json\/wp\/v2\/media?parent=20017"}],"curies":[{"name":"wp","href":"https:\/\/api.w.org\/{rel}","templated":true}]}}