{"id":14894,"date":"2024-03-20T14:35:29","date_gmt":"2024-03-20T14:35:29","guid":{"rendered":"https:\/\/about.ismacontrolli.com\/?page_id=14894"},"modified":"2024-03-20T14:40:04","modified_gmt":"2024-03-20T14:40:04","slug":"sedona-framework","status":"publish","type":"page","link":"https:\/\/about.ismacontrolli.com\/pl\/sedona-framework\/","title":{"rendered":"Sedona Framework"},"content":{"rendered":"\t\t<div data-elementor-type=\"wp-page\" data-elementor-id=\"14894\" class=\"elementor elementor-14894 elementor-14121\" data-elementor-post-type=\"page\">\n\t\t\t\t\t\t<section class=\"elementor-section elementor-top-section elementor-element elementor-element-5de0af0 elementor-section-boxed elementor-section-height-default elementor-section-height-default\" data-id=\"5de0af0\" data-element_type=\"section\" data-e-type=\"section\">\n\t\t\t\t\t\t<div class=\"elementor-container elementor-column-gap-default\">\n\t\t\t\t\t<div class=\"elementor-column elementor-col-100 elementor-top-column elementor-element elementor-element-c7f318b\" data-id=\"c7f318b\" data-element_type=\"column\" data-e-type=\"column\">\n\t\t\t<div class=\"elementor-widget-wrap elementor-element-populated\">\n\t\t\t\t\t\t<div class=\"elementor-element elementor-element-f384b6d elementor-widget elementor-widget-spacer\" data-id=\"f384b6d\" data-element_type=\"widget\" data-e-type=\"widget\" data-widget_type=\"spacer.default\">\n\t\t\t\t<div class=\"elementor-widget-container\">\n\t\t\t\t\t\t\t<div class=\"elementor-spacer\">\n\t\t\t<div class=\"elementor-spacer-inner\"><\/div>\n\t\t<\/div>\n\t\t\t\t\t\t<\/div>\n\t\t\t\t<\/div>\n\t\t\t\t\t<\/div>\n\t\t<\/div>\n\t\t\t\t\t<\/div>\n\t\t<\/section>\n\t\t\t\t<section class=\"elementor-section elementor-top-section elementor-element elementor-element-cf03fa3 elementor-section-content-top elementor-section-boxed elementor-section-height-default elementor-section-height-default\" data-id=\"cf03fa3\" data-element_type=\"section\" data-e-type=\"section\">\n\t\t\t\t\t\t<div class=\"elementor-container elementor-column-gap-default\">\n\t\t\t\t\t<div class=\"elementor-column elementor-col-50 elementor-top-column elementor-element elementor-element-115a9c9\" data-id=\"115a9c9\" data-element_type=\"column\" data-e-type=\"column\">\n\t\t\t<div class=\"elementor-widget-wrap elementor-element-populated\">\n\t\t\t\t\t\t<div class=\"elementor-element elementor-element-0cd885a elementor-widget elementor-widget-heading\" data-id=\"0cd885a\" data-element_type=\"widget\" data-e-type=\"widget\" data-widget_type=\"heading.default\">\n\t\t\t\t<div class=\"elementor-widget-container\">\n\t\t\t\t\t<h1 class=\"elementor-heading-title elementor-size-large\">Sedona Framework <\/h1>\t\t\t\t<\/div>\n\t\t\t\t<\/div>\n\t\t\t\t\t<\/div>\n\t\t<\/div>\n\t\t\t\t<div class=\"elementor-column elementor-col-50 elementor-top-column elementor-element elementor-element-7f8538c\" data-id=\"7f8538c\" data-element_type=\"column\" data-e-type=\"column\">\n\t\t\t<div class=\"elementor-widget-wrap elementor-element-populated\">\n\t\t\t\t\t\t<div class=\"elementor-element elementor-element-1875b4d elementor-widget elementor-widget-image\" data-id=\"1875b4d\" data-element_type=\"widget\" data-e-type=\"widget\" data-widget_type=\"image.default\">\n\t\t\t\t<div class=\"elementor-widget-container\">\n\t\t\t\t\t\t\t\t\t\t\t\t\t\t\t<img fetchpriority=\"high\" decoding=\"async\" width=\"2560\" height=\"901\" src=\"https:\/\/about.ismacontrolli.com\/wp-content\/uploads\/2024\/02\/Powered_by_Sedona_logo_2023.png\" class=\"attachment-full size-full wp-image-13766\" alt=\"\" srcset=\"https:\/\/about.ismacontrolli.com\/wp-content\/uploads\/2024\/02\/Powered_by_Sedona_logo_2023.png 2560w, https:\/\/about.ismacontrolli.com\/wp-content\/uploads\/2024\/02\/Powered_by_Sedona_logo_2023-400x141.png 400w, https:\/\/about.ismacontrolli.com\/wp-content\/uploads\/2024\/02\/Powered_by_Sedona_logo_2023-1200x422.png 1200w, https:\/\/about.ismacontrolli.com\/wp-content\/uploads\/2024\/02\/Powered_by_Sedona_logo_2023-768x270.png 768w, https:\/\/about.ismacontrolli.com\/wp-content\/uploads\/2024\/02\/Powered_by_Sedona_logo_2023-1536x541.png 1536w, https:\/\/about.ismacontrolli.com\/wp-content\/uploads\/2024\/02\/Powered_by_Sedona_logo_2023-2048x721.png 2048w\" sizes=\"(max-width: 2560px) 100vw, 2560px\" \/>\t\t\t\t\t\t\t\t\t\t\t\t\t\t\t<\/div>\n\t\t\t\t<\/div>\n\t\t\t\t\t<\/div>\n\t\t<\/div>\n\t\t\t\t\t<\/div>\n\t\t<\/section>\n\t\t\t\t<section class=\"elementor-section elementor-top-section elementor-element elementor-element-cc0ff5c elementor-reverse-mobile elementor-section-height-min-height elementor-section-boxed elementor-section-height-default elementor-section-items-middle\" data-id=\"cc0ff5c\" data-element_type=\"section\" data-e-type=\"section\">\n\t\t\t\t\t\t<div class=\"elementor-container elementor-column-gap-default\">\n\t\t\t\t\t<div class=\"elementor-column elementor-col-100 elementor-top-column elementor-element elementor-element-d8dd638\" data-id=\"d8dd638\" data-element_type=\"column\" data-e-type=\"column\">\n\t\t\t<div class=\"elementor-widget-wrap elementor-element-populated\">\n\t\t\t\t\t\t<div class=\"elementor-element elementor-element-163aa31 elementor-widget-divider--view-line elementor-widget elementor-widget-divider\" data-id=\"163aa31\" data-element_type=\"widget\" data-e-type=\"widget\" data-widget_type=\"divider.default\">\n\t\t\t\t<div class=\"elementor-widget-container\">\n\t\t\t\t\t\t\t<div class=\"elementor-divider\">\n\t\t\t<span class=\"elementor-divider-separator\">\n\t\t\t\t\t\t<\/span>\n\t\t<\/div>\n\t\t\t\t\t\t<\/div>\n\t\t\t\t<\/div>\n\t\t\t\t<div class=\"elementor-element elementor-element-5acff46 elementor-widget elementor-widget-text-editor\" data-id=\"5acff46\" data-element_type=\"widget\" data-e-type=\"widget\" data-widget_type=\"text-editor.default\">\n\t\t\t\t<div class=\"elementor-widget-container\">\n\t\t\t\t\t\t\t\t\t<p>Sedona Framework to platforma programowa zaprojektowana w celu u\u0142atwienia tworzenia inteligentnych aplikacji dla urz\u0105dze\u0144 wbudowanych w sieci.<\/p><p>Sedona reprezentuje interesy spo\u0142eczno\u015bci programist\u00f3w, integrator\u00f3w system\u00f3w i u\u017cytkownik\u00f3w, promuj\u0105c wykorzystanie Sedony jako otwartego \u015brodowiska oprogramowania do kontroli.<\/p>\t\t\t\t\t\t\t\t<\/div>\n\t\t\t\t<\/div>\n\t\t\t\t\t<\/div>\n\t\t<\/div>\n\t\t\t\t\t<\/div>\n\t\t<\/section>\n\t\t\t\t<section class=\"elementor-section elementor-top-section elementor-element elementor-element-89ce019 elementor-section-boxed elementor-section-height-default elementor-section-height-default\" data-id=\"89ce019\" data-element_type=\"section\" data-e-type=\"section\">\n\t\t\t\t\t\t<div class=\"elementor-container elementor-column-gap-default\">\n\t\t\t\t\t<div class=\"elementor-column elementor-col-100 elementor-top-column elementor-element elementor-element-22c15c4\" data-id=\"22c15c4\" data-element_type=\"column\" data-e-type=\"column\">\n\t\t\t<div class=\"elementor-widget-wrap elementor-element-populated\">\n\t\t\t\t\t\t<div class=\"elementor-element elementor-element-3bf2012 elementor-widget-divider--view-line elementor-widget elementor-widget-divider\" data-id=\"3bf2012\" data-element_type=\"widget\" data-e-type=\"widget\" data-widget_type=\"divider.default\">\n\t\t\t\t<div class=\"elementor-widget-container\">\n\t\t\t\t\t\t\t<div class=\"elementor-divider\">\n\t\t\t<span class=\"elementor-divider-separator\">\n\t\t\t\t\t\t<\/span>\n\t\t<\/div>\n\t\t\t\t\t\t<\/div>\n\t\t\t\t<\/div>\n\t\t\t\t<div class=\"elementor-element elementor-element-0788043 elementor-widget elementor-widget-heading\" data-id=\"0788043\" data-element_type=\"widget\" data-e-type=\"widget\" data-widget_type=\"heading.default\">\n\t\t\t\t<div class=\"elementor-widget-container\">\n\t\t\t\t\t<h2 class=\"elementor-heading-title elementor-size-medium\">Najwa\u017cniejsze informacje dotycz\u0105ce struktury Sedona<\/h2>\t\t\t\t<\/div>\n\t\t\t\t<\/div>\n\t\t\t\t\t<\/div>\n\t\t<\/div>\n\t\t\t\t\t<\/div>\n\t\t<\/section>\n\t\t\t\t<section class=\"elementor-section elementor-top-section elementor-element elementor-element-1f9649a elementor-reverse-mobile elementor-section-height-min-height elementor-section-items-top elementor-section-boxed elementor-section-height-default\" data-id=\"1f9649a\" data-element_type=\"section\" data-e-type=\"section\">\n\t\t\t\t\t\t<div class=\"elementor-container elementor-column-gap-default\">\n\t\t\t\t\t<div class=\"elementor-column elementor-col-50 elementor-top-column elementor-element elementor-element-b68fb41\" data-id=\"b68fb41\" data-element_type=\"column\" data-e-type=\"column\">\n\t\t\t<div class=\"elementor-widget-wrap elementor-element-populated\">\n\t\t\t\t\t\t<div class=\"elementor-element elementor-element-ec10120 elementor-widget elementor-widget-text-editor\" data-id=\"ec10120\" data-element_type=\"widget\" data-e-type=\"widget\" data-widget_type=\"text-editor.default\">\n\t\t\t\t<div class=\"elementor-widget-container\">\n\t\t\t\t\t\t\t\t\t<p><strong>Programowanie w czasie rzeczywistym<\/strong> z wykorzystaniem SVM (Sedona Virtual Machine).<br \/><br \/><\/p><p><strong>Skupienie na komponentach<\/strong> &#8211; gotowe komponenty s\u0105 montowane w aplikacje.<br \/><br \/><\/p><p><strong>Sieciowo\u015b\u0107<\/strong> &#8211; zaprojektowane do pracy z r\u00f3\u017cnymi topologiami sieciowymi.<br \/><br \/><\/p><p>Ekosystem <strong>o otwartym kodzie \u017ar\u00f3d\u0142owym.<\/strong><br \/><br \/><\/p><p><strong>J\u0119zyk programowania Sedona<\/strong> &#8211; umo\u017cliwia tworzenie niestandardowych funkcji.<\/p>\t\t\t\t\t\t\t\t<\/div>\n\t\t\t\t<\/div>\n\t\t\t\t\t<\/div>\n\t\t<\/div>\n\t\t\t\t<div class=\"elementor-column elementor-col-50 elementor-top-column elementor-element elementor-element-9cd383c\" data-id=\"9cd383c\" data-element_type=\"column\" data-e-type=\"column\">\n\t\t\t<div class=\"elementor-widget-wrap elementor-element-populated\">\n\t\t\t\t\t\t<div class=\"elementor-element elementor-element-0153fe1 elementor-widget elementor-widget-image\" data-id=\"0153fe1\" data-element_type=\"widget\" data-e-type=\"widget\" data-widget_type=\"image.default\">\n\t\t\t\t<div class=\"elementor-widget-container\">\n\t\t\t\t\t\t\t\t\t\t\t\t\t\t\t<img decoding=\"async\" width=\"800\" height=\"533\" src=\"https:\/\/about.ismacontrolli.com\/wp-content\/uploads\/2024\/03\/MicrosoftTeams-image-10.png\" class=\"attachment-full size-full wp-image-14415\" alt=\"\" srcset=\"https:\/\/about.ismacontrolli.com\/wp-content\/uploads\/2024\/03\/MicrosoftTeams-image-10.png 800w, https:\/\/about.ismacontrolli.com\/wp-content\/uploads\/2024\/03\/MicrosoftTeams-image-10-400x267.png 400w, https:\/\/about.ismacontrolli.com\/wp-content\/uploads\/2024\/03\/MicrosoftTeams-image-10-768x512.png 768w\" sizes=\"(max-width: 800px) 100vw, 800px\" \/>\t\t\t\t\t\t\t\t\t\t\t\t\t\t\t<\/div>\n\t\t\t\t<\/div>\n\t\t\t\t\t<\/div>\n\t\t<\/div>\n\t\t\t\t\t<\/div>\n\t\t<\/section>\n\t\t\t\t<section class=\"elementor-section elementor-top-section elementor-element elementor-element-e7fd018 elementor-section-boxed elementor-section-height-default elementor-section-height-default\" data-id=\"e7fd018\" data-element_type=\"section\" data-e-type=\"section\">\n\t\t\t\t\t\t<div class=\"elementor-container elementor-column-gap-default\">\n\t\t\t\t\t<div class=\"elementor-column elementor-col-100 elementor-top-column elementor-element elementor-element-70c6c8c\" data-id=\"70c6c8c\" data-element_type=\"column\" data-e-type=\"column\">\n\t\t\t<div class=\"elementor-widget-wrap elementor-element-populated\">\n\t\t\t\t\t\t<div class=\"elementor-element elementor-element-f8880cd elementor-widget-divider--view-line elementor-widget elementor-widget-divider\" data-id=\"f8880cd\" data-element_type=\"widget\" data-e-type=\"widget\" data-widget_type=\"divider.default\">\n\t\t\t\t<div class=\"elementor-widget-container\">\n\t\t\t\t\t\t\t<div class=\"elementor-divider\">\n\t\t\t<span class=\"elementor-divider-separator\">\n\t\t\t\t\t\t<\/span>\n\t\t<\/div>\n\t\t\t\t\t\t<\/div>\n\t\t\t\t<\/div>\n\t\t\t\t<div class=\"elementor-element elementor-element-da1bb2a elementor-widget elementor-widget-heading\" data-id=\"da1bb2a\" data-element_type=\"widget\" data-e-type=\"widget\" data-widget_type=\"heading.default\">\n\t\t\t\t<div class=\"elementor-widget-container\">\n\t\t\t\t\t<h2 class=\"elementor-heading-title elementor-size-medium\">Produkty oparte na Sedona Framework <\/h2>\t\t\t\t<\/div>\n\t\t\t\t<\/div>\n\t\t\t\t\t<\/div>\n\t\t<\/div>\n\t\t\t\t\t<\/div>\n\t\t<\/section>\n\t\t\t\t<section class=\"elementor-section elementor-top-section elementor-element elementor-element-6a4ccda elementor-reverse-mobile elementor-section-height-min-height elementor-section-items-top elementor-section-boxed elementor-section-height-default\" data-id=\"6a4ccda\" data-element_type=\"section\" data-e-type=\"section\">\n\t\t\t\t\t\t<div class=\"elementor-container elementor-column-gap-default\">\n\t\t\t\t\t<div class=\"elementor-column elementor-col-50 elementor-top-column elementor-element elementor-element-5bcb7da\" data-id=\"5bcb7da\" data-element_type=\"column\" data-e-type=\"column\">\n\t\t\t<div class=\"elementor-widget-wrap elementor-element-populated\">\n\t\t\t\t\t\t<div class=\"elementor-element elementor-element-b57ae97 elementor-widget elementor-widget-image\" data-id=\"b57ae97\" data-element_type=\"widget\" data-e-type=\"widget\" data-widget_type=\"image.default\">\n\t\t\t\t<div class=\"elementor-widget-container\">\n\t\t\t\t\t\t\t\t\t\t\t\t\t\t\t<img decoding=\"async\" width=\"800\" height=\"533\" src=\"https:\/\/about.ismacontrolli.com\/wp-content\/uploads\/2024\/03\/AA20-LCD-controller-with-front-with-visible-bottom-terminals.png\" class=\"attachment-full size-full wp-image-14406\" alt=\"\" srcset=\"https:\/\/about.ismacontrolli.com\/wp-content\/uploads\/2024\/03\/AA20-LCD-controller-with-front-with-visible-bottom-terminals.png 800w, https:\/\/about.ismacontrolli.com\/wp-content\/uploads\/2024\/03\/AA20-LCD-controller-with-front-with-visible-bottom-terminals-400x267.png 400w, https:\/\/about.ismacontrolli.com\/wp-content\/uploads\/2024\/03\/AA20-LCD-controller-with-front-with-visible-bottom-terminals-768x512.png 768w\" sizes=\"(max-width: 800px) 100vw, 800px\" \/>\t\t\t\t\t\t\t\t\t\t\t\t\t\t\t<\/div>\n\t\t\t\t<\/div>\n\t\t\t\t\t<\/div>\n\t\t<\/div>\n\t\t\t\t<div class=\"elementor-column elementor-col-50 elementor-top-column elementor-element elementor-element-8f4ea93\" data-id=\"8f4ea93\" data-element_type=\"column\" data-e-type=\"column\">\n\t\t\t<div class=\"elementor-widget-wrap elementor-element-populated\">\n\t\t\t\t\t\t<div class=\"elementor-element elementor-element-8057389 elementor-widget elementor-widget-text-editor\" data-id=\"8057389\" data-element_type=\"widget\" data-e-type=\"widget\" data-widget_type=\"text-editor.default\">\n\t\t\t\t<div class=\"elementor-widget-container\">\n\t\t\t\t\t\t\t\t\t<p><strong>Kontrolery AAC20 <\/strong>to zaawansowane kontrolery aplikacji DDC (Direct Digital Control) oraz platforma integracyjna obs\u0142uguj\u0105ca wiele protoko\u0142\u00f3w. Wyposa\u017cone w 22 wej\u015bcia\/wyj\u015bcia, 2 porty RS485, 2 porty z interfejsem Ethernet pracuj\u0105ce w trybie switcha, interfejs 1-Wire, komunikacj\u0119 Modbus i BACnet oraz wbudowany serwer WWW.<\/p><p>AAC20 oferuje szybk\u0105, zaawansowan\u0105 kontrol\u0119 aplikacji z mo\u017cliwo\u015bci\u0105 tworzenia niestandardowych aplikacji z wykorzystaniem mocy i elastyczno\u015bci oferowanych przez Sedona Framework. Sedona to \u015brodowisko oprogramowania o otwartym kodzie \u017ar\u00f3d\u0142owym, kt\u00f3re ma u\u0142atwi\u0107 tworzenie inteligentnych, sieciowych, wbudowanych urz\u0105dze\u0144, idealnie nadaj\u0105cych si\u0119 do wdra\u017cania aplikacji sterowania.<\/p>\t\t\t\t\t\t\t\t<\/div>\n\t\t\t\t<\/div>\n\t\t\t\t<div class=\"elementor-element elementor-element-11a41d9 elementor-widget elementor-widget-button\" data-id=\"11a41d9\" data-element_type=\"widget\" data-e-type=\"widget\" data-widget_type=\"button.default\">\n\t\t\t\t<div class=\"elementor-widget-container\">\n\t\t\t\t\t\t\t\t\t<div class=\"elementor-button-wrapper\">\n\t\t\t\t\t<a class=\"elementor-button elementor-button-link elementor-size-sm\" href=\"https:\/\/www.ismacontrolli.com\/en\/hvac-plant-control.html\" rel=\"nofollow\">\n\t\t\t\t\t\t<span class=\"elementor-button-content-wrapper\">\n\t\t\t\t\t\t\t\t\t<span class=\"elementor-button-text\">Zobacz wi\u0119cej <\/span>\n\t\t\t\t\t<\/span>\n\t\t\t\t\t<\/a>\n\t\t\t\t<\/div>\n\t\t\t\t\t\t\t\t<\/div>\n\t\t\t\t<\/div>\n\t\t\t\t\t<\/div>\n\t\t<\/div>\n\t\t\t\t\t<\/div>\n\t\t<\/section>\n\t\t\t\t<section class=\"elementor-section elementor-top-section elementor-element elementor-element-482b080 elementor-reverse-mobile elementor-section-height-min-height elementor-section-items-top elementor-section-boxed elementor-section-height-default\" data-id=\"482b080\" data-element_type=\"section\" data-e-type=\"section\">\n\t\t\t\t\t\t<div class=\"elementor-container elementor-column-gap-default\">\n\t\t\t\t\t<div class=\"elementor-column elementor-col-50 elementor-top-column elementor-element elementor-element-ccb9c46\" data-id=\"ccb9c46\" data-element_type=\"column\" data-e-type=\"column\">\n\t\t\t<div class=\"elementor-widget-wrap elementor-element-populated\">\n\t\t\t\t\t\t<div class=\"elementor-element elementor-element-f25905a elementor-widget elementor-widget-text-editor\" data-id=\"f25905a\" data-element_type=\"widget\" data-e-type=\"widget\" data-widget_type=\"text-editor.default\">\n\t\t\t\t<div class=\"elementor-widget-container\">\n\t\t\t\t\t\t\t\t\t<p><strong>Kontrolery FCU<\/strong> to konfigurowalne i swobodnie programowalne kontrolery do jednostek wentylatorowych (FCU &#8211; Fan Coil units) z komunikacj\u0105 Modbus i BACnet. Wyposa\u017cone w 18 wej\u015b\u0107\/wyj\u015b\u0107, przystosowane do zasilania napi\u0119ciem 230V AC lub 24V AC.<\/p><p>FCU to konfigurowalny i swobodnie programowalny kontroler z protoko\u0142ami Modbus RTU\/ASCII i BACnet MS\/TP na pok\u0142adzie. Mo\u017cliwo\u015b\u0107 tworzenia niestandardowych aplikacji z wykorzystaniem mocy i elastyczno\u015bci oferowanych przez Sedona Framework czyni kontroler przydatnym nie tylko do kontroli jednostek wentylatorowych. Sedona to \u015brodowisko oprogramowania o otwartym kodzie \u017ar\u00f3d\u0142owym, kt\u00f3re ma u\u0142atwi\u0107 tworzenie inteligentnych, sieciowych, wbudowanych urz\u0105dze\u0144, idealnie nadaj\u0105cych si\u0119 do wdra\u017cania aplikacji sterowania.<\/p>\t\t\t\t\t\t\t\t<\/div>\n\t\t\t\t<\/div>\n\t\t\t\t<div class=\"elementor-element elementor-element-d98e6d5 elementor-widget elementor-widget-button\" data-id=\"d98e6d5\" data-element_type=\"widget\" data-e-type=\"widget\" data-widget_type=\"button.default\">\n\t\t\t\t<div class=\"elementor-widget-container\">\n\t\t\t\t\t\t\t\t\t<div class=\"elementor-button-wrapper\">\n\t\t\t\t\t<a class=\"elementor-button elementor-button-link elementor-size-sm\" href=\"https:\/\/www.ismacontrolli.com\/en\/comfort-management\/zone-controllers.html\" rel=\"nofollow\">\n\t\t\t\t\t\t<span class=\"elementor-button-content-wrapper\">\n\t\t\t\t\t\t\t\t\t<span class=\"elementor-button-text\">Zobacz wi\u0119cej <\/span>\n\t\t\t\t\t<\/span>\n\t\t\t\t\t<\/a>\n\t\t\t\t<\/div>\n\t\t\t\t\t\t\t\t<\/div>\n\t\t\t\t<\/div>\n\t\t\t\t\t<\/div>\n\t\t<\/div>\n\t\t\t\t<div class=\"elementor-column elementor-col-50 elementor-top-column elementor-element elementor-element-84f313d\" data-id=\"84f313d\" data-element_type=\"column\" data-e-type=\"column\">\n\t\t\t<div class=\"elementor-widget-wrap elementor-element-populated\">\n\t\t\t\t\t\t<div class=\"elementor-element elementor-element-a77c564 elementor-widget elementor-widget-image\" data-id=\"a77c564\" data-element_type=\"widget\" data-e-type=\"widget\" data-widget_type=\"image.default\">\n\t\t\t\t<div class=\"elementor-widget-container\">\n\t\t\t\t\t\t\t\t\t\t\t\t\t\t\t<img loading=\"lazy\" decoding=\"async\" width=\"712\" height=\"454\" src=\"https:\/\/about.ismacontrolli.com\/wp-content\/uploads\/2024\/03\/MicrosoftTeams-image-11.png\" class=\"attachment-full size-full wp-image-14409\" alt=\"\" srcset=\"https:\/\/about.ismacontrolli.com\/wp-content\/uploads\/2024\/03\/MicrosoftTeams-image-11.png 712w, https:\/\/about.ismacontrolli.com\/wp-content\/uploads\/2024\/03\/MicrosoftTeams-image-11-400x255.png 400w\" sizes=\"(max-width: 712px) 100vw, 712px\" \/>\t\t\t\t\t\t\t\t\t\t\t\t\t\t\t<\/div>\n\t\t\t\t<\/div>\n\t\t\t\t\t<\/div>\n\t\t<\/div>\n\t\t\t\t\t<\/div>\n\t\t<\/section>\n\t\t\t\t<\/div>\n\t\t","protected":false},"excerpt":{"rendered":"<p>Sedona Framework Sedona Framework to platforma programowa zaprojektowana w celu u\u0142atwienia tworzenia inteligentnych aplikacji dla urz\u0105dze\u0144 wbudowanych w sieci. Sedona reprezentuje interesy spo\u0142eczno\u015bci programist\u00f3w, integrator\u00f3w system\u00f3w i u\u017cytkownik\u00f3w, promuj\u0105c wykorzystanie Sedony jako otwartego \u015brodowiska oprogramowania do kontroli. Najwa\u017cniejsze informacje dotycz\u0105ce struktury Sedona Programowanie w czasie rzeczywistym z wykorzystaniem SVM (Sedona Virtual Machine). Skupienie na komponentach [&hellip;]<\/p>\n","protected":false},"author":19,"featured_media":0,"parent":0,"menu_order":0,"comment_status":"closed","ping_status":"closed","template":"elementor_header_footer","meta":{"_acf_changed":false,"tpgb_global_settings":"","_cbd_carousel_blocks":"[]","_monsterinsights_skip_tracking":false,"_monsterinsights_sitenote_active":false,"_monsterinsights_sitenote_note":"","_monsterinsights_sitenote_category":0,"_jet_sm_ready_style":"","_jet_sm_style":"","_jet_sm_controls_values":"","_jet_sm_fonts_collection":"","_jet_sm_fonts_links":"","footnotes":""},"class_list":["post-14894","page","type-page","status-publish","hentry"],"acf":[],"tpgb_featured_images":null,"tpgb_post_meta_info":{"get_date":"2024-03-20","get_modified_date":"2024-03-20","author_name":"Sebastian Knapik","author_url":"https:\/\/about.ismacontrolli.com\/pl\/author\/sebastian\/","author_email":"sebastian.knapik@ismacontrolli.com","author_website":"","author_description":"","author_facebook":"","author_twitter":"","author_instagram":"","author_role":["administrator"],"author_firstname":"Sebastian","author_lastname":"Knapik","user_login":"Sebastian","author_avatar":"<img alt='' src='https:\/\/secure.gravatar.com\/avatar\/df1c89bc3387a611384a2be53c1d37ce8826cd457e9fe8fc3392d5d43990228c?s=200&#038;d=mm&#038;r=g' srcset='https:\/\/secure.gravatar.com\/avatar\/df1c89bc3387a611384a2be53c1d37ce8826cd457e9fe8fc3392d5d43990228c?s=400&#038;d=mm&#038;r=g 2x' class='avatar avatar-200 photo' height='200' width='200' decoding='async'\/>","author_avatar_url":"https:\/\/secure.gravatar.com\/avatar\/df1c89bc3387a611384a2be53c1d37ce8826cd457e9fe8fc3392d5d43990228c?s=96&d=mm&r=g","comment_count":0,"post_likes":0,"post_views":0},"tpgb_post_category":[],"_links":{"self":[{"href":"https:\/\/about.ismacontrolli.com\/pl\/wp-json\/wp\/v2\/pages\/14894","targetHints":{"allow":["GET"]}}],"collection":[{"href":"https:\/\/about.ismacontrolli.com\/pl\/wp-json\/wp\/v2\/pages"}],"about":[{"href":"https:\/\/about.ismacontrolli.com\/pl\/wp-json\/wp\/v2\/types\/page"}],"author":[{"embeddable":true,"href":"https:\/\/about.ismacontrolli.com\/pl\/wp-json\/wp\/v2\/users\/19"}],"replies":[{"embeddable":true,"href":"https:\/\/about.ismacontrolli.com\/pl\/wp-json\/wp\/v2\/comments?post=14894"}],"version-history":[{"count":19,"href":"https:\/\/about.ismacontrolli.com\/pl\/wp-json\/wp\/v2\/pages\/14894\/revisions"}],"predecessor-version":[{"id":14913,"href":"https:\/\/about.ismacontrolli.com\/pl\/wp-json\/wp\/v2\/pages\/14894\/revisions\/14913"}],"wp:attachment":[{"href":"https:\/\/about.ismacontrolli.com\/pl\/wp-json\/wp\/v2\/media?parent=14894"}],"curies":[{"name":"wp","href":"https:\/\/api.w.org\/{rel}","templated":true}]}}