{"id":14917,"date":"2024-03-20T14:54:20","date_gmt":"2024-03-20T14:54:20","guid":{"rendered":"https:\/\/about.ismacontrolli.com\/?page_id=14917"},"modified":"2024-03-20T14:54:30","modified_gmt":"2024-03-20T14:54:30","slug":"sedona-framework-2","status":"publish","type":"page","link":"https:\/\/about.ismacontrolli.com\/it\/sedona-framework-2\/","title":{"rendered":"Sedona Framework"},"content":{"rendered":"\t\t<div data-elementor-type=\"wp-page\" data-elementor-id=\"14917\" class=\"elementor elementor-14917 elementor-14121\" data-elementor-post-type=\"page\">\n\t\t\t\t\t\t<section class=\"elementor-section elementor-top-section elementor-element elementor-element-3a97aaea elementor-section-boxed elementor-section-height-default elementor-section-height-default\" data-id=\"3a97aaea\" data-element_type=\"section\" data-e-type=\"section\">\n\t\t\t\t\t\t<div class=\"elementor-container elementor-column-gap-default\">\n\t\t\t\t\t<div class=\"elementor-column elementor-col-100 elementor-top-column elementor-element elementor-element-1a2bd13f\" data-id=\"1a2bd13f\" data-element_type=\"column\" data-e-type=\"column\">\n\t\t\t<div class=\"elementor-widget-wrap elementor-element-populated\">\n\t\t\t\t\t\t<div class=\"elementor-element elementor-element-3027b455 elementor-widget elementor-widget-spacer\" data-id=\"3027b455\" data-element_type=\"widget\" data-e-type=\"widget\" data-widget_type=\"spacer.default\">\n\t\t\t\t<div class=\"elementor-widget-container\">\n\t\t\t\t\t\t\t<div class=\"elementor-spacer\">\n\t\t\t<div class=\"elementor-spacer-inner\"><\/div>\n\t\t<\/div>\n\t\t\t\t\t\t<\/div>\n\t\t\t\t<\/div>\n\t\t\t\t\t<\/div>\n\t\t<\/div>\n\t\t\t\t\t<\/div>\n\t\t<\/section>\n\t\t\t\t<section class=\"elementor-section elementor-top-section elementor-element elementor-element-5ddcb38d elementor-section-content-top elementor-section-boxed elementor-section-height-default elementor-section-height-default\" data-id=\"5ddcb38d\" data-element_type=\"section\" data-e-type=\"section\">\n\t\t\t\t\t\t<div class=\"elementor-container elementor-column-gap-default\">\n\t\t\t\t\t<div class=\"elementor-column elementor-col-50 elementor-top-column elementor-element elementor-element-3ffb240b\" data-id=\"3ffb240b\" data-element_type=\"column\" data-e-type=\"column\">\n\t\t\t<div class=\"elementor-widget-wrap elementor-element-populated\">\n\t\t\t\t\t\t<div class=\"elementor-element elementor-element-6696ef3e elementor-widget elementor-widget-heading\" data-id=\"6696ef3e\" data-element_type=\"widget\" data-e-type=\"widget\" data-widget_type=\"heading.default\">\n\t\t\t\t<div class=\"elementor-widget-container\">\n\t\t\t\t\t<h1 class=\"elementor-heading-title elementor-size-large\">Sedona Framework <\/h1>\t\t\t\t<\/div>\n\t\t\t\t<\/div>\n\t\t\t\t\t<\/div>\n\t\t<\/div>\n\t\t\t\t<div class=\"elementor-column elementor-col-50 elementor-top-column elementor-element elementor-element-36fc9a36\" data-id=\"36fc9a36\" data-element_type=\"column\" data-e-type=\"column\">\n\t\t\t<div class=\"elementor-widget-wrap elementor-element-populated\">\n\t\t\t\t\t\t<div class=\"elementor-element elementor-element-2b9721d8 elementor-widget elementor-widget-image\" data-id=\"2b9721d8\" data-element_type=\"widget\" data-e-type=\"widget\" data-widget_type=\"image.default\">\n\t\t\t\t<div class=\"elementor-widget-container\">\n\t\t\t\t\t\t\t\t\t\t\t\t\t\t\t<img fetchpriority=\"high\" decoding=\"async\" width=\"5176\" height=\"1822\" src=\"https:\/\/about.ismacontrolli.com\/wp-content\/uploads\/2024\/02\/Powered_by_Sedona_logo_2023.png\" class=\"attachment-full size-full wp-image-13765\" alt=\"\" srcset=\"https:\/\/about.ismacontrolli.com\/wp-content\/uploads\/2024\/02\/Powered_by_Sedona_logo_2023.png 5176w, https:\/\/about.ismacontrolli.com\/wp-content\/uploads\/2024\/02\/Powered_by_Sedona_logo_2023-400x141.png 400w, https:\/\/about.ismacontrolli.com\/wp-content\/uploads\/2024\/02\/Powered_by_Sedona_logo_2023-1200x422.png 1200w, https:\/\/about.ismacontrolli.com\/wp-content\/uploads\/2024\/02\/Powered_by_Sedona_logo_2023-768x270.png 768w, https:\/\/about.ismacontrolli.com\/wp-content\/uploads\/2024\/02\/Powered_by_Sedona_logo_2023-1536x541.png 1536w, https:\/\/about.ismacontrolli.com\/wp-content\/uploads\/2024\/02\/Powered_by_Sedona_logo_2023-2048x721.png 2048w\" sizes=\"(max-width: 5176px) 100vw, 5176px\" \/>\t\t\t\t\t\t\t\t\t\t\t\t\t\t\t<\/div>\n\t\t\t\t<\/div>\n\t\t\t\t\t<\/div>\n\t\t<\/div>\n\t\t\t\t\t<\/div>\n\t\t<\/section>\n\t\t\t\t<section class=\"elementor-section elementor-top-section elementor-element elementor-element-2c3e2e9d elementor-reverse-mobile elementor-section-height-min-height elementor-section-boxed elementor-section-height-default elementor-section-items-middle\" data-id=\"2c3e2e9d\" data-element_type=\"section\" data-e-type=\"section\">\n\t\t\t\t\t\t<div class=\"elementor-container elementor-column-gap-default\">\n\t\t\t\t\t<div class=\"elementor-column elementor-col-100 elementor-top-column elementor-element elementor-element-6f08ab8d\" data-id=\"6f08ab8d\" data-element_type=\"column\" data-e-type=\"column\">\n\t\t\t<div class=\"elementor-widget-wrap elementor-element-populated\">\n\t\t\t\t\t\t<div class=\"elementor-element elementor-element-52c91b3c elementor-widget-divider--view-line elementor-widget elementor-widget-divider\" data-id=\"52c91b3c\" data-element_type=\"widget\" data-e-type=\"widget\" data-widget_type=\"divider.default\">\n\t\t\t\t<div class=\"elementor-widget-container\">\n\t\t\t\t\t\t\t<div class=\"elementor-divider\">\n\t\t\t<span class=\"elementor-divider-separator\">\n\t\t\t\t\t\t<\/span>\n\t\t<\/div>\n\t\t\t\t\t\t<\/div>\n\t\t\t\t<\/div>\n\t\t\t\t<div class=\"elementor-element elementor-element-42af9e97 elementor-widget elementor-widget-text-editor\" data-id=\"42af9e97\" data-element_type=\"widget\" data-e-type=\"widget\" data-widget_type=\"text-editor.default\">\n\t\t\t\t<div class=\"elementor-widget-container\">\n\t\t\t\t\t\t\t\t\t<p>Sedona Framework \u00e8 una piattaforma software progettata per facilitare la creazione di applicazioni intelligenti per dispositivi embedded di rete.<\/p>\n<p>Sedona rappresenta gli interessi di una comunit\u00e0 di sviluppatori, sistemisti e utenti che promuovono l&#8217;uso di Sedona come ambiente software open-source.<\/p>\t\t\t\t\t\t\t\t<\/div>\n\t\t\t\t<\/div>\n\t\t\t\t\t<\/div>\n\t\t<\/div>\n\t\t\t\t\t<\/div>\n\t\t<\/section>\n\t\t\t\t<section class=\"elementor-section elementor-top-section elementor-element elementor-element-8653487 elementor-section-boxed elementor-section-height-default elementor-section-height-default\" data-id=\"8653487\" data-element_type=\"section\" data-e-type=\"section\">\n\t\t\t\t\t\t<div class=\"elementor-container elementor-column-gap-default\">\n\t\t\t\t\t<div class=\"elementor-column elementor-col-100 elementor-top-column elementor-element elementor-element-279f688a\" data-id=\"279f688a\" data-element_type=\"column\" data-e-type=\"column\">\n\t\t\t<div class=\"elementor-widget-wrap elementor-element-populated\">\n\t\t\t\t\t\t<div class=\"elementor-element elementor-element-63ac974e elementor-widget-divider--view-line elementor-widget elementor-widget-divider\" data-id=\"63ac974e\" data-element_type=\"widget\" data-e-type=\"widget\" data-widget_type=\"divider.default\">\n\t\t\t\t<div class=\"elementor-widget-container\">\n\t\t\t\t\t\t\t<div class=\"elementor-divider\">\n\t\t\t<span class=\"elementor-divider-separator\">\n\t\t\t\t\t\t<\/span>\n\t\t<\/div>\n\t\t\t\t\t\t<\/div>\n\t\t\t\t<\/div>\n\t\t\t\t<div class=\"elementor-element elementor-element-601d5464 elementor-widget elementor-widget-heading\" data-id=\"601d5464\" data-element_type=\"widget\" data-e-type=\"widget\" data-widget_type=\"heading.default\">\n\t\t\t\t<div class=\"elementor-widget-container\">\n\t\t\t\t\t<h2 class=\"elementor-heading-title elementor-size-medium\">Sedona Framework highlights<\/h2>\t\t\t\t<\/div>\n\t\t\t\t<\/div>\n\t\t\t\t\t<\/div>\n\t\t<\/div>\n\t\t\t\t\t<\/div>\n\t\t<\/section>\n\t\t\t\t<section class=\"elementor-section elementor-top-section elementor-element elementor-element-65cd8059 elementor-reverse-mobile elementor-section-height-min-height elementor-section-items-top elementor-section-boxed elementor-section-height-default\" data-id=\"65cd8059\" data-element_type=\"section\" data-e-type=\"section\">\n\t\t\t\t\t\t<div class=\"elementor-container elementor-column-gap-default\">\n\t\t\t\t\t<div class=\"elementor-column elementor-col-50 elementor-top-column elementor-element elementor-element-7484f810\" data-id=\"7484f810\" data-element_type=\"column\" data-e-type=\"column\">\n\t\t\t<div class=\"elementor-widget-wrap elementor-element-populated\">\n\t\t\t\t\t\t<div class=\"elementor-element elementor-element-6076d80a elementor-widget elementor-widget-text-editor\" data-id=\"6076d80a\" data-element_type=\"widget\" data-e-type=\"widget\" data-widget_type=\"text-editor.default\">\n\t\t\t\t<div class=\"elementor-widget-container\">\n\t\t\t\t\t\t\t\t\t<p><b><strong>Programmazione in tempo reale<\/strong><\/b> con l&#8217;uso di SVM (Sedona Virtual Machine).<\/p><p><b><strong>Orientato ai componenti<\/strong><\/b> &#8211; componenti precostituiti assemblati in applicazioni.<\/p><p><b><strong>Networking<\/strong><\/b> &#8211; progettato per funzionare con varie topologie di rete.<\/p><p>Ecosistema <b><strong>open source<\/strong><\/b>.<\/p><p><b><strong>Linguaggio di programmazione Sedona<\/strong><\/b> &#8211; permette di creare funzionalit\u00e0 personalizzate.<\/p>\t\t\t\t\t\t\t\t<\/div>\n\t\t\t\t<\/div>\n\t\t\t\t\t<\/div>\n\t\t<\/div>\n\t\t\t\t<div class=\"elementor-column elementor-col-50 elementor-top-column elementor-element elementor-element-34a536fd\" data-id=\"34a536fd\" data-element_type=\"column\" data-e-type=\"column\">\n\t\t\t<div class=\"elementor-widget-wrap elementor-element-populated\">\n\t\t\t\t\t\t<div class=\"elementor-element elementor-element-3feec9bb elementor-widget elementor-widget-image\" data-id=\"3feec9bb\" data-element_type=\"widget\" data-e-type=\"widget\" data-widget_type=\"image.default\">\n\t\t\t\t<div class=\"elementor-widget-container\">\n\t\t\t\t\t\t\t\t\t\t\t\t\t\t\t<img decoding=\"async\" width=\"800\" height=\"533\" src=\"https:\/\/about.ismacontrolli.com\/wp-content\/uploads\/2024\/03\/MicrosoftTeams-image-10.png\" class=\"attachment-full size-full wp-image-14414\" alt=\"\" srcset=\"https:\/\/about.ismacontrolli.com\/wp-content\/uploads\/2024\/03\/MicrosoftTeams-image-10.png 800w, https:\/\/about.ismacontrolli.com\/wp-content\/uploads\/2024\/03\/MicrosoftTeams-image-10-400x267.png 400w, https:\/\/about.ismacontrolli.com\/wp-content\/uploads\/2024\/03\/MicrosoftTeams-image-10-768x512.png 768w\" sizes=\"(max-width: 800px) 100vw, 800px\" \/>\t\t\t\t\t\t\t\t\t\t\t\t\t\t\t<\/div>\n\t\t\t\t<\/div>\n\t\t\t\t\t<\/div>\n\t\t<\/div>\n\t\t\t\t\t<\/div>\n\t\t<\/section>\n\t\t\t\t<section class=\"elementor-section elementor-top-section elementor-element elementor-element-1788b335 elementor-section-boxed elementor-section-height-default elementor-section-height-default\" data-id=\"1788b335\" data-element_type=\"section\" data-e-type=\"section\">\n\t\t\t\t\t\t<div class=\"elementor-container elementor-column-gap-default\">\n\t\t\t\t\t<div class=\"elementor-column elementor-col-100 elementor-top-column elementor-element elementor-element-677b07ae\" data-id=\"677b07ae\" data-element_type=\"column\" data-e-type=\"column\">\n\t\t\t<div class=\"elementor-widget-wrap elementor-element-populated\">\n\t\t\t\t\t\t<div class=\"elementor-element elementor-element-1ba7a2bc elementor-widget-divider--view-line elementor-widget elementor-widget-divider\" data-id=\"1ba7a2bc\" data-element_type=\"widget\" data-e-type=\"widget\" data-widget_type=\"divider.default\">\n\t\t\t\t<div class=\"elementor-widget-container\">\n\t\t\t\t\t\t\t<div class=\"elementor-divider\">\n\t\t\t<span class=\"elementor-divider-separator\">\n\t\t\t\t\t\t<\/span>\n\t\t<\/div>\n\t\t\t\t\t\t<\/div>\n\t\t\t\t<\/div>\n\t\t\t\t<div class=\"elementor-element elementor-element-4671bfd1 elementor-widget elementor-widget-heading\" data-id=\"4671bfd1\" data-element_type=\"widget\" data-e-type=\"widget\" data-widget_type=\"heading.default\">\n\t\t\t\t<div class=\"elementor-widget-container\">\n\t\t\t\t\t<h2 class=\"elementor-heading-title elementor-size-medium\">Prodotti basati su Sedona Framework<\/h2>\t\t\t\t<\/div>\n\t\t\t\t<\/div>\n\t\t\t\t\t<\/div>\n\t\t<\/div>\n\t\t\t\t\t<\/div>\n\t\t<\/section>\n\t\t\t\t<section class=\"elementor-section elementor-top-section elementor-element elementor-element-55acfcd9 elementor-reverse-mobile elementor-section-height-min-height elementor-section-items-top elementor-section-boxed elementor-section-height-default\" data-id=\"55acfcd9\" data-element_type=\"section\" data-e-type=\"section\">\n\t\t\t\t\t\t<div class=\"elementor-container elementor-column-gap-default\">\n\t\t\t\t\t<div class=\"elementor-column elementor-col-50 elementor-top-column elementor-element elementor-element-4a2a63cf\" data-id=\"4a2a63cf\" data-element_type=\"column\" data-e-type=\"column\">\n\t\t\t<div class=\"elementor-widget-wrap elementor-element-populated\">\n\t\t\t\t\t\t<div class=\"elementor-element elementor-element-1a87fa2c elementor-widget elementor-widget-image\" data-id=\"1a87fa2c\" data-element_type=\"widget\" data-e-type=\"widget\" data-widget_type=\"image.default\">\n\t\t\t\t<div class=\"elementor-widget-container\">\n\t\t\t\t\t\t\t\t\t\t\t\t\t\t\t<img decoding=\"async\" width=\"800\" height=\"533\" src=\"https:\/\/about.ismacontrolli.com\/wp-content\/uploads\/2024\/03\/AA20-LCD-controller-with-front-with-visible-bottom-terminals.png\" class=\"attachment-full size-full wp-image-14405\" alt=\"\" srcset=\"https:\/\/about.ismacontrolli.com\/wp-content\/uploads\/2024\/03\/AA20-LCD-controller-with-front-with-visible-bottom-terminals.png 800w, https:\/\/about.ismacontrolli.com\/wp-content\/uploads\/2024\/03\/AA20-LCD-controller-with-front-with-visible-bottom-terminals-400x267.png 400w, https:\/\/about.ismacontrolli.com\/wp-content\/uploads\/2024\/03\/AA20-LCD-controller-with-front-with-visible-bottom-terminals-768x512.png 768w\" sizes=\"(max-width: 800px) 100vw, 800px\" \/>\t\t\t\t\t\t\t\t\t\t\t\t\t\t\t<\/div>\n\t\t\t\t<\/div>\n\t\t\t\t\t<\/div>\n\t\t<\/div>\n\t\t\t\t<div class=\"elementor-column elementor-col-50 elementor-top-column elementor-element elementor-element-52ef10a6\" data-id=\"52ef10a6\" data-element_type=\"column\" data-e-type=\"column\">\n\t\t\t<div class=\"elementor-widget-wrap elementor-element-populated\">\n\t\t\t\t\t\t<div class=\"elementor-element elementor-element-6658da44 elementor-widget elementor-widget-text-editor\" data-id=\"6658da44\" data-element_type=\"widget\" data-e-type=\"widget\" data-widget_type=\"text-editor.default\">\n\t\t\t\t<div class=\"elementor-widget-container\">\n\t\t\t\t\t\t\t\t\t<p><strong>Controllori AAC20<\/strong> &#8211; controllori DDC liberamente programmabili e piattaforma di integrazione multiprotocollo. Dotato di 22 I\/O integrati, 2 porte RS485, 2 porte Ethernet funzionanti in modalit\u00e0 switch, interfaccia 1-Wire, comunicazione Modbus e BACnet e web server integrato.<\/p><p>AAC20 offre un controllo rapido e avanzato delle applicazioni con la possibilit\u00e0 di creare un&#8217;applicazione su misura grazie alla potenza e alla flessibilit\u00e0 offerte da Sedona Framework. Sedona \u00e8 un ambiente software open-source progettato per semplificare la costruzione di dispositivi embedded intelligenti e collegati in rete, adatti all&#8217;implementazione di applicazioni di regolazione.<\/p>\t\t\t\t\t\t\t\t<\/div>\n\t\t\t\t<\/div>\n\t\t\t\t<div class=\"elementor-element elementor-element-f5cd054 elementor-widget elementor-widget-button\" data-id=\"f5cd054\" data-element_type=\"widget\" data-e-type=\"widget\" data-widget_type=\"button.default\">\n\t\t\t\t<div class=\"elementor-widget-container\">\n\t\t\t\t\t\t\t\t\t<div class=\"elementor-button-wrapper\">\n\t\t\t\t\t<a class=\"elementor-button elementor-button-link elementor-size-sm\" href=\"https:\/\/www.ismacontrolli.com\/it\/controllori-programmabili.html\" rel=\"nofollow\">\n\t\t\t\t\t\t<span class=\"elementor-button-content-wrapper\">\n\t\t\t\t\t\t\t\t\t<span class=\"elementor-button-text\">Approfondisci<\/span>\n\t\t\t\t\t<\/span>\n\t\t\t\t\t<\/a>\n\t\t\t\t<\/div>\n\t\t\t\t\t\t\t\t<\/div>\n\t\t\t\t<\/div>\n\t\t\t\t\t<\/div>\n\t\t<\/div>\n\t\t\t\t\t<\/div>\n\t\t<\/section>\n\t\t\t\t<section class=\"elementor-section elementor-top-section elementor-element elementor-element-58dc930c elementor-reverse-mobile elementor-section-height-min-height elementor-section-items-top elementor-section-boxed elementor-section-height-default\" data-id=\"58dc930c\" data-element_type=\"section\" data-e-type=\"section\">\n\t\t\t\t\t\t<div class=\"elementor-container elementor-column-gap-default\">\n\t\t\t\t\t<div class=\"elementor-column elementor-col-50 elementor-top-column elementor-element elementor-element-27e8644a\" data-id=\"27e8644a\" data-element_type=\"column\" data-e-type=\"column\">\n\t\t\t<div class=\"elementor-widget-wrap elementor-element-populated\">\n\t\t\t\t\t\t<div class=\"elementor-element elementor-element-5c177422 elementor-widget elementor-widget-text-editor\" data-id=\"5c177422\" data-element_type=\"widget\" data-e-type=\"widget\" data-widget_type=\"text-editor.default\">\n\t\t\t\t<div class=\"elementor-widget-container\">\n\t\t\t\t\t\t\t\t\t<p><strong>Controllori FCU<\/strong> &#8211; controllori configurabili e liberamente programmabili per fan coil con comunicazione Modbus e BACnet. Dotato di 18 I\/O a bordo, adatto per essere alimentato a 230V AC o 24V AC.<\/p><p>FCU \u00e8 un controllore configurabile e liberamente programmabile con protocolli Modbus RTU\/ASCII e BACnet MS\/TP a bordo. La possibilit\u00e0 di creare un&#8217;applicazione su misura con la potenza e la flessibilit\u00e0 offerte da Sedona Framework lo rende utile non solo per la regolazione dei fan coil. Sedona \u00e8 un ambiente software open-source progettato per semplificare la costruzione di dispositivi embedded intelligenti e collegati in rete, adatti all&#8217;implementazione di applicazioni di regolazione.<\/p>\t\t\t\t\t\t\t\t<\/div>\n\t\t\t\t<\/div>\n\t\t\t\t<div class=\"elementor-element elementor-element-792aa1e3 elementor-widget elementor-widget-button\" data-id=\"792aa1e3\" data-element_type=\"widget\" data-e-type=\"widget\" data-widget_type=\"button.default\">\n\t\t\t\t<div class=\"elementor-widget-container\">\n\t\t\t\t\t\t\t\t\t<div class=\"elementor-button-wrapper\">\n\t\t\t\t\t<a class=\"elementor-button elementor-button-link elementor-size-sm\" href=\"https:\/\/www.ismacontrolli.com\/it\/controllori-ambiente\/controllori-di-zona.html\" rel=\"nofollow\">\n\t\t\t\t\t\t<span class=\"elementor-button-content-wrapper\">\n\t\t\t\t\t\t\t\t\t<span class=\"elementor-button-text\">Approfondisci<\/span>\n\t\t\t\t\t<\/span>\n\t\t\t\t\t<\/a>\n\t\t\t\t<\/div>\n\t\t\t\t\t\t\t\t<\/div>\n\t\t\t\t<\/div>\n\t\t\t\t\t<\/div>\n\t\t<\/div>\n\t\t\t\t<div class=\"elementor-column elementor-col-50 elementor-top-column elementor-element elementor-element-40fe23f8\" data-id=\"40fe23f8\" data-element_type=\"column\" data-e-type=\"column\">\n\t\t\t<div class=\"elementor-widget-wrap elementor-element-populated\">\n\t\t\t\t\t\t<div class=\"elementor-element elementor-element-3d8cfedf elementor-widget elementor-widget-image\" data-id=\"3d8cfedf\" data-element_type=\"widget\" data-e-type=\"widget\" data-widget_type=\"image.default\">\n\t\t\t\t<div class=\"elementor-widget-container\">\n\t\t\t\t\t\t\t\t\t\t\t\t\t\t\t<img loading=\"lazy\" decoding=\"async\" width=\"712\" height=\"454\" src=\"https:\/\/about.ismacontrolli.com\/wp-content\/uploads\/2024\/03\/MicrosoftTeams-image-11.png\" class=\"attachment-full size-full wp-image-14408\" alt=\"\" srcset=\"https:\/\/about.ismacontrolli.com\/wp-content\/uploads\/2024\/03\/MicrosoftTeams-image-11.png 712w, https:\/\/about.ismacontrolli.com\/wp-content\/uploads\/2024\/03\/MicrosoftTeams-image-11-400x255.png 400w\" sizes=\"(max-width: 712px) 100vw, 712px\" \/>\t\t\t\t\t\t\t\t\t\t\t\t\t\t\t<\/div>\n\t\t\t\t<\/div>\n\t\t\t\t\t<\/div>\n\t\t<\/div>\n\t\t\t\t\t<\/div>\n\t\t<\/section>\n\t\t\t\t<\/div>\n\t\t","protected":false},"excerpt":{"rendered":"<p>Sedona Framework Sedona Framework \u00e8 una piattaforma software progettata per facilitare la creazione di applicazioni intelligenti per dispositivi embedded di rete. Sedona rappresenta gli interessi di una comunit\u00e0 di sviluppatori, sistemisti e utenti che promuovono l&#8217;uso di Sedona come ambiente software open-source. Sedona Framework highlights Programmazione in tempo reale con l&#8217;uso di SVM (Sedona Virtual [&hellip;]<\/p>\n","protected":false},"author":19,"featured_media":0,"parent":0,"menu_order":0,"comment_status":"closed","ping_status":"closed","template":"elementor_header_footer","meta":{"_acf_changed":false,"tpgb_global_settings":"","_cbd_carousel_blocks":"[]","_monsterinsights_skip_tracking":false,"_monsterinsights_sitenote_active":false,"_monsterinsights_sitenote_note":"","_monsterinsights_sitenote_category":0,"_jet_sm_ready_style":"","_jet_sm_style":"","_jet_sm_controls_values":"","_jet_sm_fonts_collection":"","_jet_sm_fonts_links":"","footnotes":""},"class_list":["post-14917","page","type-page","status-publish","hentry"],"acf":[],"tpgb_featured_images":null,"tpgb_post_meta_info":{"get_date":"20 Marzo 2024","get_modified_date":"20 Marzo 2024","author_name":"Sebastian Knapik","author_url":"https:\/\/about.ismacontrolli.com\/it\/author\/sebastian\/","author_email":"sebastian.knapik@ismacontrolli.com","author_website":"","author_description":"","author_facebook":"","author_twitter":"","author_instagram":"","author_role":["administrator"],"author_firstname":"Sebastian","author_lastname":"Knapik","user_login":"Sebastian","author_avatar":"<img alt='' src='https:\/\/secure.gravatar.com\/avatar\/df1c89bc3387a611384a2be53c1d37ce8826cd457e9fe8fc3392d5d43990228c?s=200&#038;d=mm&#038;r=g' srcset='https:\/\/secure.gravatar.com\/avatar\/df1c89bc3387a611384a2be53c1d37ce8826cd457e9fe8fc3392d5d43990228c?s=400&#038;d=mm&#038;r=g 2x' class='avatar avatar-200 photo' height='200' width='200' decoding='async'\/>","author_avatar_url":"https:\/\/secure.gravatar.com\/avatar\/df1c89bc3387a611384a2be53c1d37ce8826cd457e9fe8fc3392d5d43990228c?s=96&d=mm&r=g","comment_count":0,"post_likes":0,"post_views":0},"tpgb_post_category":[],"_links":{"self":[{"href":"https:\/\/about.ismacontrolli.com\/it\/wp-json\/wp\/v2\/pages\/14917","targetHints":{"allow":["GET"]}}],"collection":[{"href":"https:\/\/about.ismacontrolli.com\/it\/wp-json\/wp\/v2\/pages"}],"about":[{"href":"https:\/\/about.ismacontrolli.com\/it\/wp-json\/wp\/v2\/types\/page"}],"author":[{"embeddable":true,"href":"https:\/\/about.ismacontrolli.com\/it\/wp-json\/wp\/v2\/users\/19"}],"replies":[{"embeddable":true,"href":"https:\/\/about.ismacontrolli.com\/it\/wp-json\/wp\/v2\/comments?post=14917"}],"version-history":[{"count":4,"href":"https:\/\/about.ismacontrolli.com\/it\/wp-json\/wp\/v2\/pages\/14917\/revisions"}],"predecessor-version":[{"id":14921,"href":"https:\/\/about.ismacontrolli.com\/it\/wp-json\/wp\/v2\/pages\/14917\/revisions\/14921"}],"wp:attachment":[{"href":"https:\/\/about.ismacontrolli.com\/it\/wp-json\/wp\/v2\/media?parent=14917"}],"curies":[{"name":"wp","href":"https:\/\/api.w.org\/{rel}","templated":true}]}}